{"id":45487,"date":"2020-03-28T18:48:00","date_gmt":"2020-03-28T17:48:00","guid":{"rendered":"https:\/\/purofare.com\/privacybeleid\/"},"modified":"2020-03-28T18:48:00","modified_gmt":"2020-03-28T17:48:00","slug":"privacybeleid","status":"publish","type":"page","link":"https:\/\/purofare.com\/be\/privacybeleid\/","title":{"rendered":"Privacybeleid"},"content":{"rendered":"<p><strong>FS Philipiak sp. z o. o.    <\/strong><\/p>\n<ul>\n<li><strong>  1. Gegevens van de beheerder<\/strong><\/li>\n<\/ul>\n<ol>\n<li>Dit document regelt de regels voor het verzamelen en verwerken van persoonsgegevens van gebruikers die de website genaamd \u201c<em>Purofare<\/em>\u201d (hierna te noemen de \u201cWebsite\u201d) bezoeken, beschikbaar op <a href=\"https:\/\/purofare.com\">https:\/\/purofare.com\/<\/a>.<\/li>\n<li>De beheerder van de persoonsgegevens die via de Website beschikbaar worden gesteld, is <strong>FS Philipiak sp\u00f3\u0142ka z ograniczon\u0105 odpowiedzialno\u015bci\u0105<\/strong>, met statutaire zetel in Warschau, Polen (04-462), aan de Stra\u017cackastraat 63\/65 (ul. Stra\u017cacka 63\/65), ingeschreven in het register van ondernemers van het nationale gerechtsregister (Rejestr Przedsi\u0119biorc\u00f3w Krajowego Rejestru S\u0105dowego), bijgehouden door de arrondissementsrechtbank voor de hoofdstad Warschau, XIV commerci\u00eble afdeling van het nationale gerechtsregister (S\u0105d Rejonowy dla m.st. Warszawy w Warszawie, XIV Wydzia\u0142 Gospodarczy Krajowego Rejestru S\u0105dowego) onder KRS-nr.: 0001133340, REGON: 529943953, NIP: 9522261833 (hierna te noemen de \u201cBeheerder\u201d).<\/li>\n<li>Contact met de Beheerder met betrekking tot de verwerking van persoonsgegevens verstrekt in verband met het gebruik van de Website kan worden opgenomen via:\n<ol>\n<li>traditionele post op het adres: ul. Stra\u017cacka 63\/65, 04-463 Warszawa (Warschau, Polen) <\/li>\n<li>e-mail op: contact@philipiak.com;<\/li>\n<li>telefoon: +48 508 020 741.<\/li>\n<\/ol>\n<\/li>\n<\/ol>\n<ul>\n<li><strong>  2. Bescherming en verwerking van persoonsgegevens<\/strong><\/li>\n<\/ul>\n<ol>\n<li>Alle verstrekte persoonsgegevens worden door de Beheerder verwerkt in overeenstemming met de bepalingen van Verordening (EU) 2016\/679 van het Europees Parlement en de Raad van 27 april 2016 betreffende de bescherming van natuurlijke personen in verband met de verwerking van persoonsgegevens en betreffende het vrije verkeer van die gegevens en tot intrekking van Richtlijn 95\/46\/EG (algemene verordening gegevensbescherming), hierna te noemen de \u201cAVG\u201d, evenals andere toepasselijke bepalingen van de Poolse wetgeving, in het bijzonder de wet van 18 juli 2002 betreffende het verlenen van diensten langs elektronische weg.<\/li>\n<li>De Beheerder implementeert technische maatregelen die vereist zijn onder de huidige regelgeving inzake gegevensbescherming om ongeoorloofde toegang tot of wijziging van elektronisch verzonden persoonsgegevens te voorkomen.<\/li>\n<li>Tijdens het gebruik van de Website kunnen persoonsgegevens met betrekking tot de activiteit van de gebruiker worden verzameld en vervolgens worden vastgelegd in serverlogs. Servers registreren en bewaren dergelijke informatie automatisch op elektronische wijze. <\/li>\n<li>Persoonsgegevens die voor verwerking worden verzameld, kunnen het volgende omvatten:\n<ol>\n<li>uniek IP-adres;<\/li>\n<li>naam van de internetprovider;<\/li>\n<li>stad, regio en land van waaruit de gebruiker de Website bezoekt;<\/li>\n<li>type internetbrowser of gebruikt apparaat;<\/li>\n<li>aantal klikken uitgevoerd op de Website;<\/li>\n<li>datum en tijd van het bezoek van de gebruiker aan de Website;<\/li>\n<li>de website van waaruit de gebruiker naar de Website is omgeleid;<\/li>\n<li>subpagina&#8217;s van de Website die door de gebruiker zijn bezocht.<\/li>\n<\/ol>\n<\/li>\n<li>Verzamelde persoonsgegevens worden verwerkt voor de volgende doeleinden:\n<ol>\n<li>het analyseren van het verkeer op de Website en bezoekersstatistieken;<\/li>\n<li>het verbeteren van de functionaliteit en prestaties van de Website;<\/li>\n<li>het meten van de effectiviteit van advertentiecampagnes;<\/li>\n<li>het uitvoeren van anonieme remarketingactiviteiten;<\/li>\n<li>het voldoen aan wettelijke verplichtingen die de Beheerder door de toepasselijke wetgeving zijn opgelegd.<\/li>\n<\/ol>\n<\/li>\n<li>Verstrekte persoonsgegevens worden door de Beheerder verwerkt op grond van artikel 6, lid 1, onder f), AVG \u2013 voor doeleinden die voortvloeien uit de gerechtvaardigde belangen die door de Beheerder worden nagestreefd. Het gerechtvaardigde belang van de Beheerder bestaat uit het analyseren van websiteverkeer om de functionaliteit en de kwaliteit van de gepresenteerde inhoud te verbeteren, evenals het uitvoeren van direct marketing van producten die worden aangeboden door de Beheerder en andere entiteiten die met de Beheerder samenwerken. <\/li>\n<li>Ontvangers van de verstrekte persoonsgegevens zijn onder meer:\n<ol>\n<li>FS Philipiak sp\u00f3\u0142ka z ograniczon\u0105 odpowiedzialno\u015bci\u0105, met statutaire zetel in Warschau, Polen (04-462), aan de Stra\u017cackastraat 63\/65 (ul. Stra\u017cacka 63\/65), ingeschreven in het register van ondernemers van het nationale gerechtsregister (Rejestr Przedsi\u0119biorc\u00f3w Krajowego Rejestru S\u0105dowego), bijgehouden door de arrondissementsrechtbank voor de hoofdstad Warschau, XIV commerci\u00eble afdeling van het nationale gerechtsregister (S\u0105d Rejonowy dla m.st. Warszawy w Warszawie, XIV Wydzia\u0142 Gospodarczy Krajowego Rejestru S\u0105dowego) onder KRS-nr.: 0001133340, REGON: 529943953, NIP: 9522261833;<\/li>\n<li>entiteiten die diensten verlenen die nodig zijn om contact op te nemen met de gebruiker op het opgegeven telefoonnummer, inclusief entiteiten die websitehosting en beveiligingsdiensten verlenen;<\/li>\n<li>overheidsinstanties die bevoegd zijn om dergelijke gegevens te ontvangen onder afzonderlijke wettelijke bepalingen.<\/li>\n<\/ol>\n<\/li>\n<li>Persoonsgegevens worden automatisch verzameld en bewaard gedurende de periode die nodig is om de doeleinden te bereiken waarvoor ze zijn verzameld.<\/li>\n<li>Persoonsgegevens kunnen worden doorgegeven naar derde landen of internationale organisaties buiten de Europese Economische Ruimte. Gegevens kunnen bijvoorbeeld worden doorgegeven aan entiteiten binnen de Google-groep. Dergelijke doorgiften vinden alleen plaats als er passende waarborgen zijn gewaarborgd en er effectieve wettelijke bescherming voor de gegevens aanwezig is.  <\/li>\n<li>Persoonsgegevens kunnen op geautomatiseerde wijze worden verwerkt (inclusief profilering), maar in een dergelijk geval zal dit geen rechtsgevolgen teweegbrengen of de situatie van de gebruiker aanzienlijk be\u00efnvloeden. Profilering door de Beheerder bestaat uit het verwerken van gegevens (inclusief geautomatiseerde verwerking) om bepaalde aspecten met betrekking tot de gebruiker te beoordelen, waaronder analyses, statistieken of voorspellingen betreffende de interesses en persoonlijke voorkeuren van de gebruiker, evenals voor marketingactiviteiten uitgevoerd door de Beheerder, waaronder<br \/>\nhet presenteren van advertenties en commerci\u00eble aanbiedingen. <\/li>\n<li>De gebruiker heeft de volgende rechten met betrekking tot de verwerking van persoonsgegevens:\n<ol>\n<li>De gebruiker heeft recht op inzage in zijn persoonsgegevens (artikel 15 AVG) en kan deze verifi\u00ebren of rectificeren (artikel 16 AVG), evenals verzoeken om verwijdering ervan door een passend verzoek in te dienen bij de Beheerder (artikel 17 AVG).<\/li>\n<li>De gebruiker heeft recht op beperking van de verwerking (artikel 18 AVG) en recht op gegevensoverdraagbaarheid (artikel 20 AVG). Indien persoonsgegevens worden verwerkt in strijd met de wettelijke vereisten, heeft de gebruiker het recht om een klacht in te dienen bij de bevoegde toezichthoudende autoriteit \u2013 de voorzitter van het bureau voor de bescherming van persoonsgegevens (Prezes Urz\u0119du Ochrony Danych Osobowych). <\/li>\n<li>De gebruiker heeft het recht om bezwaar te maken tegen de verwerking van persoonsgegevens (artikel 21 AVG).<\/li>\n<\/ol>\n<\/li>\n<\/ol>\n<ul>\n<li><strong>  3. Cookies<\/strong><\/li>\n<\/ul>\n<ol>\n<li>Cookies zijn IT-gegevens die worden opgeslagen op de eindapparatuur van gebruikers, bedoeld voor gebruik met websites. Cookies maken herkenning van het apparaat van de gebruiker en een correcte weergave van de website volgens individuele voorkeuren mogelijk. Cookies bevatten doorgaans de naam van de website waar ze vandaan komen, de bewaartermijn op de eindapparatuur en een uniek nummer.  <\/li>\n<li>Cookies worden gebruikt voor de volgende doeleinden:\n<ol>\n<li>het aanpassen van de inhoud van websites aan de individuele voorkeuren van de gebruiker. Ze dienen ook om het gebruik van websites te optimaliseren \u2013 cookies maken een correcte weergave van de website-inhoud mogelijk in overeenstemming met de voorkeuren van de gebruiker.; <\/li>\n<li>het maken van anonieme, geaggregeerde statistieken, die helpen begrijpen hoe gebruikers met de website omgaan, waardoor de structuur en inhoud ervan kunnen worden verbeterd zonder de gebruiker persoonlijk te identificeren.<\/li>\n<\/ol>\n<\/li>\n<li>Cookies bevatten geen identificerende gegevens en de identiteit van de gebruiker kan op basis daarvan niet worden vastgesteld. Cookies wijzigen de instellingen van de gebruiker of de instellingen van de ge\u00efnstalleerde software niet. De inhoud ervan kan alleen worden gelezen door de server die ze heeft aangemaakt. Cookies zijn versleuteld om ongeoorloofde toegang te voorkomen.   <\/li>\n<li>Cookies worden niet gebruikt voor het verwerken van persoonsgegevens. Gegevens verzameld via cookies mogen alleen worden verzameld voor het uitvoeren van specifieke functies voor de gebruiker. <\/li>\n<li>Op websites worden twee soorten cookies gebruikt:\n<ol>\n<li>\u201cSessiecookies\u201d zijn tijdelijke bestanden die op het apparaat van de gebruiker blijven totdat de gebruiker de website verlaat of de software (browser) sluit.<\/li>\n<li>\u201cPermanente cookies\u201d zijn bestanden die op het apparaat van de gebruiker blijven gedurende de periode die is gespecificeerd in de cookieparameters of totdat ze handmatig door de gebruiker worden verwijderd.<\/li>\n<\/ol>\n<\/li>\n<li>Naar het type verzamelde gegevens kunnen cookies worden geclassificeerd als:\n<ol>\n<li>\u201cTechnische cookies\u201d \u2013 maken het gebruik van op de website beschikbare diensten mogelijk en het onthouden van individuele gebruikersvoorkeuren en interface-personalisatie (bijv. lettergrootte, taal).<\/li>\n<li>\u201cBeveiligingscookies\u201d \u2013 waarborgen de veiligheid van het gebruik van de website.<\/li>\n<li>\u201cAnalytische cookies\u201d \u2013 maken het verzamelen van informatie mogelijk over hoe de website wordt gebruikt.<\/li>\n<li>\u201cMarketingcookies\u201d \u2013 maken het leveren van advertentie-inhoud mogelijk die is afgestemd op de interesses van de gebruiker.<\/li>\n<\/ol>\n<\/li>\n<li>Naast cookies die door de Website zijn aangemaakt, kunnen ook \u201cexterne cookies\u201d worden gebruikt, afkomstig van externe leveranciers van analyse- en advertentiediensten. Externe entiteiten kunnen cookies gebruiken om anonieme gegevens te verzamelen over de activiteit van de gebruiker op de Website en andere sites, met als doel het presenteren van gerichte advertenties (remarketing). <\/li>\n<li>Externe cookieproviders zijn onder andere:\n<ol>\n<li>Google LLC<\/li>\n<li>Meta Platforms Ireland Ltd.<\/li>\n<\/ol>\n<\/li>\n<li>Cookies die worden gebruikt door partners van de website-exploitant, inclusief gebruikers van de website, zijn onderworpen aan hun eigen privacybeleid.<\/li>\n<li>Standaard staat webbrowsersoftware toe dat cookies op het eindapparaat worden opgeslagen. Deze instellingen kunnen worden gewijzigd om de automatische verwerking van cookies in de browserinstellingen te blokkeren of om de gebruiker telkens te informeren wanneer er cookies naar het apparaat van de gebruiker worden verzonden. Gedetailleerde informatie over het beheren van cookies is beschikbaar in de software-instellingen (browser). Het beperken van het gebruik van cookies kan van invloed zijn op sommige functionaliteiten van de website en het gebruik ervan bemoeilijken.   <\/li>\n<li>Cookies kunnen, eenmaal opgeslagen, worden verwijderd met behulp van browserfuncties, speciale programma&#8217;s of geschikte hulpmiddelen die beschikbaar zijn in het besturingssysteem van de gebruiker.<\/li>\n<\/ol>\n<ul>\n<li><strong>  4. Wijzigingen in het privacybeleid<\/strong><\/li>\n<\/ul>\n<ol>\n<li>Het privacybeleid is gepubliceerd op 30.10.2025.<\/li>\n<li>Bijgewerkte informatie wordt van kracht vanaf de datum van publicatie op de Website en zal de manier regelen waarop persoonsgegevens worden verzameld en gebruikt vanaf het moment van wijziging \u2013 onverminderd de rechten van Website-gebruikers die voortvloeien uit de bepalingen van het privacybeleid voorafgaand aan dergelijke wijzigingen. Downloaden:<\/li>\n<\/ol>\n<p><a href=\"https:\/\/purofare.com\/wp-content\/uploads\/2025\/11\/FS-PHILIPIAK-sp.-z-o.-o.-privacy-policy-purofare-2025.10.30-EN.pdf\">FS PHILIPIAK sp. z o. o. (privacy policy-purofare) 30.10.2025 EN   <\/a><\/p>\n<p><a href=\"https:\/\/purofare.com\/wp-content\/uploads\/2025\/11\/FS-PHILIPIAK-sp.-z-o.-o.-polityka-prywatnosci-purofare-2025.10.30-PL.pdf\">FS PHILIPIAK sp. z o. o. (polityka prywatno\u015bci &#8211; purofare) 30.10.2025 PL   <\/a><\/p>\n","protected":false},"excerpt":{"rendered":"<p>FS Philipiak sp. z o. o. 1. Gegevens van de beheerder Dit document regelt de regels voor het verzamelen en<\/p>\n","protected":false},"author":15099,"featured_media":0,"parent":0,"menu_order":3,"comment_status":"closed","ping_status":"closed","template":"","meta":{"footnotes":""},"class_list":["post-45487","page","type-page","status-publish","hentry"],"_links":{"self":[{"href":"https:\/\/purofare.com\/be\/wp-json\/wp\/v2\/pages\/45487","targetHints":{"allow":["GET"]}}],"collection":[{"href":"https:\/\/purofare.com\/be\/wp-json\/wp\/v2\/pages"}],"about":[{"href":"https:\/\/purofare.com\/be\/wp-json\/wp\/v2\/types\/page"}],"author":[{"embeddable":true,"href":"https:\/\/purofare.com\/be\/wp-json\/wp\/v2\/users\/15099"}],"replies":[{"embeddable":true,"href":"https:\/\/purofare.com\/be\/wp-json\/wp\/v2\/comments?post=45487"}],"version-history":[{"count":0,"href":"https:\/\/purofare.com\/be\/wp-json\/wp\/v2\/pages\/45487\/revisions"}],"wp:attachment":[{"href":"https:\/\/purofare.com\/be\/wp-json\/wp\/v2\/media?parent=45487"}],"curies":[{"name":"wp","href":"https:\/\/api.w.org\/{rel}","templated":true}]}}