{"id":45575,"date":"2025-09-11T12:28:07","date_gmt":"2025-09-11T10:28:07","guid":{"rendered":"https:\/\/purofare.com\/zubehoer\/"},"modified":"2026-04-21T15:23:50","modified_gmt":"2026-04-21T13:23:50","slug":"zubehoer","status":"publish","type":"page","link":"https:\/\/purofare.com\/de\/zubehoer\/","title":{"rendered":"Zubeh\u00f6r"},"content":{"rendered":"\t\t<div data-elementor-type=\"wp-page\" data-elementor-id=\"45575\" class=\"elementor elementor-45575 elementor-43958\" data-elementor-post-type=\"page\">\n\t\t\t\t<div class=\"elementor-element elementor-element-6c37d81 e-flex e-con-boxed e-con e-parent\" data-id=\"6c37d81\" data-element_type=\"container\" data-e-type=\"container\">\n\t\t\t\t\t<div class=\"e-con-inner\">\n\t\t\t\t<div class=\"elementor-element elementor-element-8afcf7b elementor-widget elementor-widget-wd_image_or_svg\" data-id=\"8afcf7b\" data-element_type=\"widget\" data-e-type=\"widget\" data-widget_type=\"wd_image_or_svg.default\">\n\t\t\t\t<div class=\"elementor-widget-container\">\n\t\t\t\t\t\n\t\t<div class=\"wd-image text-center\">\n\t\t\t\t\t\t\t\t<img loading=\"lazy\" decoding=\"async\" width=\"920\" height=\"79\" src=\"https:\/\/purofare.com\/wp-content\/uploads\/2025\/09\/PUROFARE-LOGO-BLUE.webp\" class=\"attachment-full size-full\" alt=\"\" srcset=\"https:\/\/purofare.com\/wp-content\/uploads\/2025\/09\/PUROFARE-LOGO-BLUE.webp 920w, https:\/\/purofare.com\/wp-content\/uploads\/2025\/09\/PUROFARE-LOGO-BLUE-170x15.webp 170w, https:\/\/purofare.com\/wp-content\/uploads\/2025\/09\/PUROFARE-LOGO-BLUE-600x52.webp 600w, https:\/\/purofare.com\/wp-content\/uploads\/2025\/09\/PUROFARE-LOGO-BLUE-400x34.webp 400w, https:\/\/purofare.com\/wp-content\/uploads\/2025\/09\/PUROFARE-LOGO-BLUE-768x66.webp 768w\" sizes=\"auto, (max-width: 920px) 100vw, 920px\" \/>\t\t\t\t\t<\/div>\n\n\t\t\t\t\t\t<\/div>\n\t\t\t\t<\/div>\n\t\t\t\t\t<\/div>\n\t\t\t\t<\/div>\n\t\t<div class=\"wd-negative-gap elementor-element elementor-element-2662672 e-flex e-con-boxed e-con e-parent\" data-id=\"2662672\" data-element_type=\"container\" data-e-type=\"container\">\n\t\t\t\t\t<div class=\"e-con-inner\">\n\t\t<div class=\"wd-negative-gap elementor-element elementor-element-5e55bdb e-flex e-con-boxed e-con e-child\" data-id=\"5e55bdb\" data-element_type=\"container\" data-e-type=\"container\" data-settings=\"{&quot;background_background&quot;:&quot;classic&quot;}\">\n\t\t\t\t\t<div class=\"e-con-inner\">\n\t\t<div class=\"elementor-element elementor-element-7efeaa0 e-con-full e-flex e-con e-child\" data-id=\"7efeaa0\" data-element_type=\"container\" data-e-type=\"container\" data-settings=\"{&quot;background_background&quot;:&quot;classic&quot;}\">\n\t\t\t\t<div class=\"elementor-element elementor-element-e9aed19 wd-width-100 elementor-widget elementor-widget-wd_title\" data-id=\"e9aed19\" data-element_type=\"widget\" data-e-type=\"widget\" data-widget_type=\"wd_title.default\">\n\t\t\t\t<div class=\"elementor-widget-container\">\n\t\t\t\t\t\t\t<div class=\"title-wrapper wd-set-mb reset-last-child wd-title-color-default wd-title-style-default wd-title-size-default text-left\">\n\n\t\t\t\n\t\t\t<div class=\"liner-continer\">\n\t\t\t\t<h4 class=\"woodmart-title-container title wd-fontsize-l\">POLYMER-REINIGUNGSROLLE<\/h4> \n\t\t\t\t\t\t\t<\/div>\n\n\t\t\t\t\t\t\t<div class=\"title-after_title reset-last-child wd-fontsize-xs\">\n\t\t\t\t\t<p>Die Grundlage der bionischen Wasser- und Staubzirkulationstechnologie ist eine Polymerrolle aus hochmolekularem Material, die gleichzeitig Wasser aufnimmt und Schmutzwasser auspresst.<\/p><p>Dieses Material ist geruchsresistent und h\u00e4lt dank seiner Verformbarkeit Schmutz effektiv fest \u2013 f\u00fcr eine noch gr\u00fcndlichere Reinigung.<\/p>\t\t\t\t<\/div>\n\t\t\t\t\t<\/div>\n\t\t\t\t\t\t<\/div>\n\t\t\t\t<\/div>\n\t\t\t\t<\/div>\n\t\t<div class=\"elementor-element elementor-element-4b0033b e-con-full e-flex e-con e-child\" data-id=\"4b0033b\" data-element_type=\"container\" data-e-type=\"container\">\n\t\t\t\t<div class=\"elementor-element elementor-element-2660fb0 animated-slow elementor-invisible elementor-widget elementor-widget-wd_image_or_svg\" data-id=\"2660fb0\" data-element_type=\"widget\" data-e-type=\"widget\" data-settings=\"{&quot;_animation&quot;:&quot;fadeIn&quot;}\" data-widget_type=\"wd_image_or_svg.default\">\n\t\t\t\t<div class=\"elementor-widget-container\">\n\t\t\t\t\t\n\t\t<div class=\"wd-image text-left\">\n\t\t\t\t\t\t\t\t<img loading=\"lazy\" decoding=\"async\" width=\"1920\" height=\"1080\" src=\"https:\/\/purofare.com\/wp-content\/uploads\/2025\/10\/Purofare-water-circulation-EN.png\" class=\"attachment-full size-full\" alt=\"\" srcset=\"https:\/\/purofare.com\/wp-content\/uploads\/2025\/10\/Purofare-water-circulation-EN.png 1920w, https:\/\/purofare.com\/wp-content\/uploads\/2025\/10\/Purofare-water-circulation-EN-400x225.png 400w, https:\/\/purofare.com\/wp-content\/uploads\/2025\/10\/Purofare-water-circulation-EN-1300x731.png 1300w, https:\/\/purofare.com\/wp-content\/uploads\/2025\/10\/Purofare-water-circulation-EN-768x432.png 768w, https:\/\/purofare.com\/wp-content\/uploads\/2025\/10\/Purofare-water-circulation-EN-1536x864.png 1536w, https:\/\/purofare.com\/wp-content\/uploads\/2025\/10\/Purofare-water-circulation-EN-600x338.png 600w, https:\/\/purofare.com\/wp-content\/uploads\/2025\/10\/Purofare-water-circulation-EN-170x96.png 170w\" sizes=\"auto, (max-width: 1920px) 100vw, 1920px\" \/>\t\t\t\t\t<\/div>\n\n\t\t\t\t\t\t<\/div>\n\t\t\t\t<\/div>\n\t\t\t\t<\/div>\n\t\t\t\t\t<\/div>\n\t\t\t\t<\/div>\n\t\t\t\t\t<\/div>\n\t\t\t\t<\/div>\n\t\t<div class=\"wd-negative-gap elementor-element elementor-element-1ae9394 e-flex e-con-boxed e-con e-parent\" data-id=\"1ae9394\" data-element_type=\"container\" data-e-type=\"container\">\n\t\t\t\t\t<div class=\"e-con-inner\">\n\t\t<div class=\"wd-negative-gap elementor-element elementor-element-cbe301f e-flex e-con-boxed e-con e-child\" data-id=\"cbe301f\" data-element_type=\"container\" data-e-type=\"container\">\n\t\t\t\t\t<div class=\"e-con-inner\">\n\t\t<div class=\"elementor-element elementor-element-67feed6 e-con-full e-flex e-con e-child\" data-id=\"67feed6\" data-element_type=\"container\" data-e-type=\"container\">\n\t\t\t\t<div class=\"elementor-element elementor-element-8843224 animated-slow elementor-invisible elementor-widget elementor-widget-wd_image_or_svg\" data-id=\"8843224\" data-element_type=\"widget\" data-e-type=\"widget\" data-settings=\"{&quot;_animation&quot;:&quot;fadeIn&quot;}\" data-widget_type=\"wd_image_or_svg.default\">\n\t\t\t\t<div class=\"elementor-widget-container\">\n\t\t\t\t\t\n\t\t<div class=\"wd-image text-left\">\n\t\t\t\t\t\t\t\t<img loading=\"lazy\" decoding=\"async\" width=\"1200\" height=\"700\" src=\"https:\/\/purofare.com\/wp-content\/uploads\/2025\/10\/Handle.png\" class=\"attachment-full size-full\" alt=\"\" srcset=\"https:\/\/purofare.com\/wp-content\/uploads\/2025\/10\/Handle.png 1200w, https:\/\/purofare.com\/wp-content\/uploads\/2025\/10\/Handle-400x233.png 400w, https:\/\/purofare.com\/wp-content\/uploads\/2025\/10\/Handle-768x448.png 768w, https:\/\/purofare.com\/wp-content\/uploads\/2025\/10\/Handle-600x350.png 600w, https:\/\/purofare.com\/wp-content\/uploads\/2025\/10\/Handle-170x99.png 170w\" sizes=\"auto, (max-width: 1200px) 100vw, 1200px\" \/>\t\t\t\t\t<\/div>\n\n\t\t\t\t\t\t<\/div>\n\t\t\t\t<\/div>\n\t\t\t\t<\/div>\n\t\t<div class=\"elementor-element elementor-element-42fc4f5 e-con-full e-flex e-con e-child\" data-id=\"42fc4f5\" data-element_type=\"container\" data-e-type=\"container\" data-settings=\"{&quot;background_background&quot;:&quot;classic&quot;}\">\n\t\t\t\t<div class=\"elementor-element elementor-element-1440f9b wd-width-100 elementor-widget elementor-widget-wd_title\" data-id=\"1440f9b\" data-element_type=\"widget\" data-e-type=\"widget\" data-widget_type=\"wd_title.default\">\n\t\t\t\t<div class=\"elementor-widget-container\">\n\t\t\t\t\t\t\t<div class=\"title-wrapper wd-set-mb reset-last-child wd-title-color-default wd-title-style-default wd-title-size-default text-left\">\n\n\t\t\t\n\t\t\t<div class=\"liner-continer\">\n\t\t\t\t<h4 class=\"woodmart-title-container title wd-fontsize-l\">GRIFF<\/h4> \n\t\t\t\t\t\t\t<\/div>\n\n\t\t\t\t\t\t\t<div class=\"title-after_title reset-last-child wd-fontsize-xs\">\n\t\t\t\t\t<p>Der Griff wurde mit Blick auf Ergonomie entwickelt \u2013 er liegt perfekt in der Hand, sorgt f\u00fcr einen sicheren Halt und erm\u00f6glicht eine leichte Handhabung des Ger\u00e4ts. Aus hochwertigen Materialien gefertigt, ist er widerstandsf\u00e4hig gegen mechanische Besch\u00e4digungen und den t\u00e4glichen Gebrauch. <\/p>\t\t\t\t<\/div>\n\t\t\t\t\t<\/div>\n\t\t\t\t\t\t<\/div>\n\t\t\t\t<\/div>\n\t\t\t\t<\/div>\n\t\t\t\t\t<\/div>\n\t\t\t\t<\/div>\n\t\t\t\t\t<\/div>\n\t\t\t\t<\/div>\n\t\t<div class=\"wd-negative-gap elementor-element elementor-element-58f8074 e-flex e-con-boxed e-con e-parent\" data-id=\"58f8074\" data-element_type=\"container\" data-e-type=\"container\">\n\t\t\t\t\t<div class=\"e-con-inner\">\n\t\t<div class=\"wd-negative-gap elementor-element elementor-element-528ecbc e-flex e-con-boxed e-con e-child\" data-id=\"528ecbc\" data-element_type=\"container\" data-e-type=\"container\" data-settings=\"{&quot;background_background&quot;:&quot;classic&quot;}\">\n\t\t\t\t\t<div class=\"e-con-inner\">\n\t\t<div class=\"elementor-element elementor-element-c5b4bb9 e-con-full e-flex e-con e-child\" data-id=\"c5b4bb9\" data-element_type=\"container\" data-e-type=\"container\" data-settings=\"{&quot;background_background&quot;:&quot;classic&quot;}\">\n\t\t\t\t<div class=\"elementor-element elementor-element-1213a90 wd-width-100 elementor-widget elementor-widget-wd_title\" data-id=\"1213a90\" data-element_type=\"widget\" data-e-type=\"widget\" data-widget_type=\"wd_title.default\">\n\t\t\t\t<div class=\"elementor-widget-container\">\n\t\t\t\t\t\t\t<div class=\"title-wrapper wd-set-mb reset-last-child wd-title-color-default wd-title-style-default wd-title-size-default text-left\">\n\n\t\t\t\n\t\t\t<div class=\"liner-continer\">\n\t\t\t\t<h4 class=\"woodmart-title-container title wd-fontsize-l\">GER\u00c4TEBASIS<\/h4> \n\t\t\t\t\t\t\t<\/div>\n\n\t\t\t\t\t\t\t<div class=\"title-after_title reset-last-child wd-fontsize-xs\">\n\t\t\t\t\t<p>Die Basis des Philipiak Purofare besteht aus einem Standfu\u00df und einem Beh\u00e4lter zur Aufbewahrung der Ersatzrollen und der Reinigungsb\u00fcrste. Sie sorgt daf\u00fcr, dass das Ger\u00e4t nach der Reinigung sauber und stabil bleibt. <\/p>\t\t\t\t<\/div>\n\t\t\t\t\t<\/div>\n\t\t\t\t\t\t<\/div>\n\t\t\t\t<\/div>\n\t\t\t\t<\/div>\n\t\t<div class=\"elementor-element elementor-element-dfc6fc1 e-con-full e-flex e-con e-child\" data-id=\"dfc6fc1\" data-element_type=\"container\" data-e-type=\"container\">\n\t\t\t\t<div class=\"elementor-element elementor-element-c1368a1 animated-slow elementor-invisible elementor-widget elementor-widget-wd_image_or_svg\" data-id=\"c1368a1\" data-element_type=\"widget\" data-e-type=\"widget\" data-settings=\"{&quot;_animation&quot;:&quot;fadeIn&quot;}\" data-widget_type=\"wd_image_or_svg.default\">\n\t\t\t\t<div class=\"elementor-widget-container\">\n\t\t\t\t\t\n\t\t<div class=\"wd-image text-left\">\n\t\t\t\t\t\t\t\t<img loading=\"lazy\" decoding=\"async\" width=\"1200\" height=\"700\" src=\"https:\/\/purofare.com\/wp-content\/uploads\/2025\/10\/Accesorues-Set.png\" class=\"attachment-full size-full\" alt=\"\" srcset=\"https:\/\/purofare.com\/wp-content\/uploads\/2025\/10\/Accesorues-Set.png 1200w, https:\/\/purofare.com\/wp-content\/uploads\/2025\/10\/Accesorues-Set-400x233.png 400w, https:\/\/purofare.com\/wp-content\/uploads\/2025\/10\/Accesorues-Set-768x448.png 768w, https:\/\/purofare.com\/wp-content\/uploads\/2025\/10\/Accesorues-Set-600x350.png 600w, https:\/\/purofare.com\/wp-content\/uploads\/2025\/10\/Accesorues-Set-170x99.png 170w\" sizes=\"auto, (max-width: 1200px) 100vw, 1200px\" \/>\t\t\t\t\t<\/div>\n\n\t\t\t\t\t\t<\/div>\n\t\t\t\t<\/div>\n\t\t\t\t<\/div>\n\t\t\t\t\t<\/div>\n\t\t\t\t<\/div>\n\t\t\t\t\t<\/div>\n\t\t\t\t<\/div>\n\t\t<div class=\"wd-negative-gap elementor-element elementor-element-6599997 e-flex e-con-boxed e-con e-parent\" data-id=\"6599997\" data-element_type=\"container\" data-e-type=\"container\">\n\t\t\t\t\t<div class=\"e-con-inner\">\n\t\t<div class=\"wd-negative-gap elementor-element elementor-element-bada08e e-flex e-con-boxed e-con e-child\" data-id=\"bada08e\" data-element_type=\"container\" data-e-type=\"container\">\n\t\t\t\t\t<div class=\"e-con-inner\">\n\t\t<div class=\"elementor-element elementor-element-6445ff7 e-con-full e-flex e-con e-child\" data-id=\"6445ff7\" data-element_type=\"container\" data-e-type=\"container\">\n\t\t\t\t<div class=\"elementor-element elementor-element-8c224ea animated-slow elementor-invisible elementor-widget elementor-widget-wd_image_or_svg\" data-id=\"8c224ea\" data-element_type=\"widget\" data-e-type=\"widget\" data-settings=\"{&quot;_animation&quot;:&quot;fadeIn&quot;}\" data-widget_type=\"wd_image_or_svg.default\">\n\t\t\t\t<div class=\"elementor-widget-container\">\n\t\t\t\t\t\n\t\t<div class=\"wd-image text-left\">\n\t\t\t\t\t\t\t\t<img loading=\"lazy\" decoding=\"async\" width=\"1200\" height=\"700\" src=\"https:\/\/purofare.com\/wp-content\/uploads\/2025\/10\/Touchscreen.png\" class=\"attachment-full size-full\" alt=\"\" srcset=\"https:\/\/purofare.com\/wp-content\/uploads\/2025\/10\/Touchscreen.png 1200w, https:\/\/purofare.com\/wp-content\/uploads\/2025\/10\/Touchscreen-400x233.png 400w, https:\/\/purofare.com\/wp-content\/uploads\/2025\/10\/Touchscreen-768x448.png 768w, https:\/\/purofare.com\/wp-content\/uploads\/2025\/10\/Touchscreen-600x350.png 600w, https:\/\/purofare.com\/wp-content\/uploads\/2025\/10\/Touchscreen-170x99.png 170w\" sizes=\"auto, (max-width: 1200px) 100vw, 1200px\" \/>\t\t\t\t\t<\/div>\n\n\t\t\t\t\t\t<\/div>\n\t\t\t\t<\/div>\n\t\t\t\t<\/div>\n\t\t<div class=\"elementor-element elementor-element-159e2bf e-con-full e-flex e-con e-child\" data-id=\"159e2bf\" data-element_type=\"container\" data-e-type=\"container\" data-settings=\"{&quot;background_background&quot;:&quot;classic&quot;}\">\n\t\t\t\t<div class=\"elementor-element elementor-element-737d75d wd-width-100 elementor-widget elementor-widget-wd_title\" data-id=\"737d75d\" data-element_type=\"widget\" data-e-type=\"widget\" data-widget_type=\"wd_title.default\">\n\t\t\t\t<div class=\"elementor-widget-container\">\n\t\t\t\t\t\t\t<div class=\"title-wrapper wd-set-mb reset-last-child wd-title-color-default wd-title-style-default wd-title-size-default text-left\">\n\n\t\t\t\n\t\t\t<div class=\"liner-continer\">\n\t\t\t\t<h4 class=\"woodmart-title-container title wd-fontsize-l\">STEUERMODUL UND AKKU<\/h4> \n\t\t\t\t\t\t\t<\/div>\n\n\t\t\t\t\t\t\t<div class=\"title-after_title reset-last-child wd-fontsize-xs\">\n\t\t\t\t\t<p>Philipiak Purofare ist unter anderem dank eines in den Akku integrierten Steuermoduls mit Touchscreen einfach zu bedienen. <\/p>\t\t\t\t<\/div>\n\t\t\t\t\t<\/div>\n\t\t\t\t\t\t<\/div>\n\t\t\t\t<\/div>\n\t\t\t\t<\/div>\n\t\t\t\t\t<\/div>\n\t\t\t\t<\/div>\n\t\t\t\t\t<\/div>\n\t\t\t\t<\/div>\n\t\t<div class=\"wd-negative-gap elementor-element elementor-element-511e647 e-flex e-con-boxed e-con e-parent\" data-id=\"511e647\" data-element_type=\"container\" data-e-type=\"container\">\n\t\t\t\t\t<div class=\"e-con-inner\">\n\t\t<div class=\"wd-negative-gap elementor-element elementor-element-3a02271 e-flex e-con-boxed e-con e-child\" data-id=\"3a02271\" data-element_type=\"container\" data-e-type=\"container\" data-settings=\"{&quot;background_background&quot;:&quot;classic&quot;}\">\n\t\t\t\t\t<div class=\"e-con-inner\">\n\t\t<div class=\"elementor-element elementor-element-972ab01 e-con-full e-flex e-con e-child\" data-id=\"972ab01\" data-element_type=\"container\" data-e-type=\"container\" data-settings=\"{&quot;background_background&quot;:&quot;classic&quot;}\">\n\t\t\t\t<div class=\"elementor-element elementor-element-27bef71 wd-width-100 elementor-widget elementor-widget-wd_title\" data-id=\"27bef71\" data-element_type=\"widget\" data-e-type=\"widget\" data-widget_type=\"wd_title.default\">\n\t\t\t\t<div class=\"elementor-widget-container\">\n\t\t\t\t\t\t\t<div class=\"title-wrapper wd-set-mb reset-last-child wd-title-color-default wd-title-style-default wd-title-size-default text-left\">\n\n\t\t\t\n\t\t\t<div class=\"liner-continer\">\n\t\t\t\t<h4 class=\"woodmart-title-container title wd-fontsize-l\">REINIGUNGSB\u00dcRSTE<\/h4> \n\t\t\t\t\t\t\t<\/div>\n\n\t\t\t\t\t\t\t<div class=\"title-after_title reset-last-child wd-fontsize-xs\">\n\t\t\t\t\t<p>Die B\u00fcrste besteht aus langlebigen, wasser- und reinigungsmittelbest\u00e4ndigen Materialien. Ihre ergonomische Form macht die Reinigung des Ger\u00e4ts schnell, bequem und effektiv.  <\/p>\t\t\t\t<\/div>\n\t\t\t\t\t<\/div>\n\t\t\t\t\t\t<\/div>\n\t\t\t\t<\/div>\n\t\t\t\t<\/div>\n\t\t<div class=\"elementor-element elementor-element-547a29c e-con-full e-flex e-con e-child\" data-id=\"547a29c\" data-element_type=\"container\" data-e-type=\"container\">\n\t\t\t\t<div class=\"elementor-element elementor-element-1d5a68d animated-slow elementor-invisible elementor-widget elementor-widget-wd_image_or_svg\" data-id=\"1d5a68d\" data-element_type=\"widget\" data-e-type=\"widget\" data-settings=\"{&quot;_animation&quot;:&quot;fadeIn&quot;}\" data-widget_type=\"wd_image_or_svg.default\">\n\t\t\t\t<div class=\"elementor-widget-container\">\n\t\t\t\t\t\n\t\t<div class=\"wd-image text-left\">\n\t\t\t\t\t\t\t\t<img loading=\"lazy\" decoding=\"async\" width=\"1200\" height=\"700\" src=\"https:\/\/purofare.com\/wp-content\/uploads\/2025\/10\/Accesorues-Set.png\" class=\"attachment-full size-full\" alt=\"\" srcset=\"https:\/\/purofare.com\/wp-content\/uploads\/2025\/10\/Accesorues-Set.png 1200w, https:\/\/purofare.com\/wp-content\/uploads\/2025\/10\/Accesorues-Set-400x233.png 400w, https:\/\/purofare.com\/wp-content\/uploads\/2025\/10\/Accesorues-Set-768x448.png 768w, https:\/\/purofare.com\/wp-content\/uploads\/2025\/10\/Accesorues-Set-600x350.png 600w, https:\/\/purofare.com\/wp-content\/uploads\/2025\/10\/Accesorues-Set-170x99.png 170w\" sizes=\"auto, (max-width: 1200px) 100vw, 1200px\" \/>\t\t\t\t\t<\/div>\n\n\t\t\t\t\t\t<\/div>\n\t\t\t\t<\/div>\n\t\t\t\t<\/div>\n\t\t\t\t\t<\/div>\n\t\t\t\t<\/div>\n\t\t\t\t\t<\/div>\n\t\t\t\t<\/div>\n\t\t\t\t<\/div>\n\t\t","protected":false},"excerpt":{"rendered":"<p>POLYMER-REINIGUNGSROLLE Die Grundlage der bionischen Wasser- und Staubzirkulationstechnologie ist eine Polymerrolle aus hochmolekularem Material, die gleichzeitig Wasser aufnimmt und Schmutzwasser<\/p>\n","protected":false},"author":3,"featured_media":0,"parent":0,"menu_order":0,"comment_status":"closed","ping_status":"closed","template":"","meta":{"footnotes":""},"class_list":["post-45575","page","type-page","status-publish","hentry"],"_links":{"self":[{"href":"https:\/\/purofare.com\/de\/wp-json\/wp\/v2\/pages\/45575","targetHints":{"allow":["GET"]}}],"collection":[{"href":"https:\/\/purofare.com\/de\/wp-json\/wp\/v2\/pages"}],"about":[{"href":"https:\/\/purofare.com\/de\/wp-json\/wp\/v2\/types\/page"}],"author":[{"embeddable":true,"href":"https:\/\/purofare.com\/de\/wp-json\/wp\/v2\/users\/3"}],"replies":[{"embeddable":true,"href":"https:\/\/purofare.com\/de\/wp-json\/wp\/v2\/comments?post=45575"}],"version-history":[{"count":1,"href":"https:\/\/purofare.com\/de\/wp-json\/wp\/v2\/pages\/45575\/revisions"}],"predecessor-version":[{"id":45577,"href":"https:\/\/purofare.com\/de\/wp-json\/wp\/v2\/pages\/45575\/revisions\/45577"}],"wp:attachment":[{"href":"https:\/\/purofare.com\/de\/wp-json\/wp\/v2\/media?parent=45575"}],"curies":[{"name":"wp","href":"https:\/\/api.w.org\/{rel}","templated":true}]}}