{"id":45610,"date":"2020-03-28T18:48:00","date_gmt":"2020-03-28T17:48:00","guid":{"rendered":"https:\/\/purofare.com\/datenschutzerklaerung\/"},"modified":"2020-03-28T18:48:00","modified_gmt":"2020-03-28T17:48:00","slug":"datenschutzerklaerung","status":"publish","type":"page","link":"https:\/\/purofare.com\/de\/datenschutzerklaerung\/","title":{"rendered":"Datenschutzerkl\u00e4rung"},"content":{"rendered":"<p><strong>FS Philipiak sp. z o. o.   <\/strong><\/p>\n<ul>\n<li><strong>  1. Angaben zum Administrator<\/strong><\/li>\n<\/ul>\n<ol>\n<li>Dieses Dokument regelt die Bestimmungen zur Erhebung und Verarbeitung personenbezogener Daten von Nutzern, die auf die Website mit dem Namen \u201e<em>Purofare<\/em>\u201c (im Folgenden \u201edie Website\u201c genannt) zugreifen, verf\u00fcgbar unter <a href=\"https:\/\/purofare.com\/de\/\">https:\/\/purofare.com\/<\/a>.<\/li>\n<li>Der Administrator der \u00fcber die Website zur Verf\u00fcgung gestellten personenbezogenen Daten ist die <strong>FS Philipiak sp\u00f3\u0142ka z ograniczon\u0105 odpowiedzialno\u015bci\u0105<\/strong> mit Sitz in Warschau, Polen (04-462), ul. Stra\u017cacka 63\/65, eingetragen im Handelsregister des Landesgerichtsregisters (Rejestr Przedsi\u0119biorc\u00f3w Krajowego Rejestru S\u0105dowego), gef\u00fchrt vom Bezirksgericht f\u00fcr die Hauptstadt Warschau, XIV. Handelsabteilung des Landesgerichtsregisters (S\u0105d Rejonowy dla m.st. Warszawy w Warszawie, XIV Wydzia\u0142 Gospodarczy Krajowego Rejestru S\u0105dowego) unter der KRS-Nr.: 0001133340, REGON: 529943953, NIP: 9522261833 (im Folgenden \u201eder Administrator\u201c genannt).<\/li>\n<li>Kontakt mit dem Administrator bez\u00fcglich der Verarbeitung personenbezogener Daten, die im Zusammenhang mit der Nutzung der Website bereitgestellt werden, kann erfolgen \u00fcber:\n<ol>\n<li>traditionelle Post an die Adresse: ul. Stra\u017cacka 63\/65, 04-463 Warschau (Warsaw, Poland) <\/li>\n<li>E-Mail an: contact@philipiak.com;<\/li>\n<li>Telefon: +48 508 020 741.<\/li>\n<\/ol>\n<\/li>\n<\/ol>\n<ul>\n<li><strong>  2. Schutz und Verarbeitung personenbezogener Daten<\/strong><\/li>\n<\/ul>\n<ol>\n<li>Alle bereitgestellten personenbezogenen Daten werden vom Administrator gem\u00e4\u00df den Bestimmungen der Verordnung (EU) 2016\/679 des Europ\u00e4ischen Parlaments und des Rates vom 27. April 2016 zum Schutz nat\u00fcrlicher Personen bei der Verarbeitung personenbezogener Daten und zum freien Datenverkehr und zur Aufhebung der Richtlinie 95\/46\/EG (Datenschutz-Grundverordnung), im Folgenden \u201eDSGVO\u201c genannt, sowie anderen anwendbaren Bestimmungen des polnischen Rechts, insbesondere dem Gesetz vom 18. Juli 2002 \u00fcber die Erbringung elektronischer Dienstleistungen, verarbeitet.<\/li>\n<li>Der Administrator implementiert technische Ma\u00dfnahmen, die nach den geltenden Datenschutzbestimmungen erforderlich sind, um unbefugten Zugriff auf oder die \u00c4nderung von elektronisch \u00fcbermittelten personenbezogenen Daten zu verhindern.<\/li>\n<li>W\u00e4hrend der Nutzung der Website k\u00f6nnen personenbezogene Daten bez\u00fcglich der Nutzeraktivit\u00e4t gesammelt und anschlie\u00dfend in Serverprotokollen gespeichert werden. Server zeichnen solche Informationen automatisch elektronisch auf und speichern sie. <\/li>\n<li>Zu den zur Verarbeitung gesammelten personenbezogenen Daten k\u00f6nnen geh\u00f6ren:\n<ol>\n<li>eindeutige IP-Adresse;<\/li>\n<li>Name des Internetdienstanbieters;<\/li>\n<li>Stadt, Region und Land, aus dem der Nutzer auf die Website zugreift;<\/li>\n<li>Art des verwendeten Internetbrowsers oder Ger\u00e4ts;<\/li>\n<li>Anzahl der auf der Website durchgef\u00fchrten Klicks;<\/li>\n<li>Datum und Uhrzeit des Besuchs des Nutzers auf der Website;<\/li>\n<li>die Website, von der der Nutzer auf die Website weitergeleitet wurde;<\/li>\n<li>vom Nutzer besuchte Unterseiten der Website.<\/li>\n<\/ol>\n<\/li>\n<li>Gesammelte personenbezogene Daten werden zu folgenden Zwecken verarbeitet:\n<ol>\n<li>Analyse des Website-Traffics und der Besucherstatistiken;<\/li>\n<li>Verbesserung der Funktionalit\u00e4t und Leistung der Website;<\/li>\n<li>Messung der Wirksamkeit von Werbekampagnen;<\/li>\n<li>Durchf\u00fchrung anonymer Remarketing-Aktivit\u00e4ten;<\/li>\n<li>Erf\u00fcllung gesetzlicher Pflichten, die dem Administrator durch geltendes Recht auferlegt sind.<\/li>\n<\/ol>\n<\/li>\n<li>Bereitgestellte personenbezogene Daten werden vom Administrator gem\u00e4\u00df Artikel 6 Absatz 1 Buchstabe f DSGVO verarbeitet \u2013 zu Zwecken, die sich aus den berechtigten Interessen des Administrators ergeben. Das berechtigte Interesse des Administrators besteht in der Analyse des Website-Traffics zur Verbesserung der Funktionalit\u00e4t und Qualit\u00e4t der pr\u00e4sentierten Inhalte sowie in der Durchf\u00fchrung von Direktmarketing f\u00fcr Produkte, die vom Administrator und anderen mit dem Administrator kooperierenden Unternehmen angeboten werden. <\/li>\n<li>Zu den Empf\u00e4ngern der bereitgestellten personenbezogenen Daten geh\u00f6ren:\n<ol>\n<li>FS Philipiak sp\u00f3\u0142ka z ograniczon\u0105 odpowiedzialno\u015bci\u0105 mit Sitz in Warschau, Polen (04-462), ul. Stra\u017cacka 63\/65, eingetragen im Handelsregister des Landesgerichtsregisters (Rejestr Przedsi\u0119biorc\u00f3w Krajowego Rejestru S\u0105dowego), gef\u00fchrt vom Bezirksgericht f\u00fcr die Hauptstadt Warschau, XIV. Handelsabteilung des Landesgerichtsregisters (S\u0105d Rejonowy dla m.st. Warszawy w Warszawie, XIV Wydzia\u0142 Gospodarczy Krajowego Rejestru S\u0105dowego) unter der KRS-Nr.: 0001133340, REGON: 529943953, NIP: 9522261833;<\/li>\n<li>Unternehmen, die Dienstleistungen erbringen, die f\u00fcr die Kontaktaufnahme mit dem Nutzer unter der angegebenen Telefonnummer erforderlich sind, einschlie\u00dflich Unternehmen, die Website-Hosting- und Sicherheitsdienste anbieten;<\/li>\n<li>staatliche Beh\u00f6rden, die aufgrund gesonderter gesetzlicher Bestimmungen zur Entgegennahme solcher Daten berechtigt sind.<\/li>\n<\/ol>\n<\/li>\n<li>Personenbezogene Daten werden automatisch gesammelt und f\u00fcr den Zeitraum gespeichert, der zur Erreichung der Zwecke, f\u00fcr die sie gesammelt wurden, erforderlich ist.<\/li>\n<li>Personenbezogene Daten k\u00f6nnen in Drittl\u00e4nder oder internationale Organisationen au\u00dferhalb des Europ\u00e4ischen Wirtschaftsraums \u00fcbermittelt werden. Zum Beispiel k\u00f6nnen Daten an Unternehmen der Google-Gruppe \u00fcbermittelt werden. Solche \u00dcbermittlungen erfolgen nur, wenn angemessene Schutzma\u00dfnahmen gew\u00e4hrleistet sind und wirksame rechtliche Schutzma\u00dfnahmen f\u00fcr die Daten vorhanden sind.  <\/li>\n<li>Personenbezogene Daten k\u00f6nnen automatisiert (einschlie\u00dflich Profiling) verarbeitet werden, jedoch hat dies in einem solchen Fall keine rechtlichen Auswirkungen oder beeintr\u00e4chtigt die Situation des Nutzers erheblich. Profiling durch den Administrator besteht in der Verarbeitung von Daten (einschlie\u00dflich automatisierter Verarbeitung) zur Bewertung bestimmter Aspekte des Nutzers, einschlie\u00dflich Analysen, Statistiken oder Vorhersagen bez\u00fcglich der Interessen und pers\u00f6nlichen Pr\u00e4ferenzen des Nutzers, sowie f\u00fcr Marketingaktivit\u00e4ten des Administrators, einschlie\u00dflich<br \/>\nder Pr\u00e4sentation von Werbung und kommerziellen Angeboten. <\/li>\n<li>Der Nutzer hat folgende Rechte bez\u00fcglich der Verarbeitung personenbezogener Daten:\n<ol>\n<li>Der Nutzer hat das Recht auf Auskunft \u00fcber seine personenbezogenen Daten (Artikel 15 DSGVO) und kann diese \u00fcberpr\u00fcfen oder berichtigen (Artikel 16 DSGVO) sowie deren L\u00f6schung durch einen entsprechenden Antrag an den Administrator verlangen (Artikel 17 DSGVO).<\/li>\n<li>Der Nutzer hat das Recht auf Einschr\u00e4nkung der Verarbeitung (Artikel 18 DSGVO) und das Recht auf Daten\u00fcbertragbarkeit (Artikel 20 DSGVO). Werden personenbezogene Daten unter Versto\u00df gegen gesetzliche Bestimmungen verarbeitet, hat der Nutzer das Recht, eine Beschwerde bei der zust\u00e4ndigen Aufsichtsbeh\u00f6rde \u2013 dem Pr\u00e4sidenten des Amtes f\u00fcr den Schutz personenbezogener Daten (Prezes Urz\u0119du Ochrony Danych Osobowych) \u2013 einzureichen. <\/li>\n<li>Der Nutzer hat das Recht, der Verarbeitung personenbezogener Daten zu widersprechen (Artikel 21 DSGVO).<\/li>\n<\/ol>\n<\/li>\n<\/ol>\n<ul>\n<li><strong>  3. Cookies<\/strong><\/li>\n<\/ul>\n<ol>\n<li>Cookies sind IT-Daten, die auf den Endger\u00e4ten der Nutzer gespeichert werden und f\u00fcr die Verwendung mit Websites bestimmt sind. Cookies erm\u00f6glichen die Erkennung des Nutzerger\u00e4ts und die korrekte Anzeige der Website gem\u00e4\u00df individuellen Pr\u00e4ferenzen. Cookies enthalten typischerweise den Namen der Website, von der sie stammen, die Speicherdauer auf dem Endger\u00e4t und eine eindeutige Nummer.  <\/li>\n<li>Cookies werden zu folgenden Zwecken verwendet:\n<ol>\n<li>Anpassung der Website-Inhalte an die individuellen Pr\u00e4ferenzen des Nutzers. Sie dienen auch zur Optimierung der Nutzung von Websites \u2013 Cookies erm\u00f6glichen die korrekte Anzeige von Website-Inhalten gem\u00e4\u00df den Pr\u00e4ferenzen des Nutzers; <\/li>\n<li>Erstellung anonymer, aggregierter Statistiken, die helfen zu verstehen, wie Nutzer mit der Website interagieren, wodurch deren Struktur und Inhalt verbessert werden k\u00f6nnen, ohne den Nutzer pers\u00f6nlich zu identifizieren.<\/li>\n<\/ol>\n<\/li>\n<li>Cookies enthalten keine identifizierenden Daten, und die Identit\u00e4t des Nutzers kann anhand dieser nicht bestimmt werden. Cookies \u00e4ndern weder die Einstellungen des Nutzers noch die Einstellungen der installierten Software. Ihr Inhalt kann nur von dem Server gelesen werden, der sie erstellt hat. Cookies sind verschl\u00fcsselt, um unbefugten Zugriff zu verhindern.   <\/li>\n<li>Cookies werden nicht zur Verarbeitung personenbezogener Daten verwendet. Daten, die \u00fcber Cookies gesammelt werden, d\u00fcrfen nur zur Erf\u00fcllung spezifischer Funktionen f\u00fcr den Nutzer gesammelt werden. <\/li>\n<li>Auf Websites werden zwei Arten von Cookies verwendet:\n<ol>\n<li>\u201eSitzungscookies\u201c sind tempor\u00e4re Dateien, die auf dem Ger\u00e4t des Nutzers verbleiben, bis der Nutzer die Website verl\u00e4sst oder die Software (Browser) schlie\u00dft.<\/li>\n<li>\u201ePermanente Cookies\u201c sind Dateien, die f\u00fcr den in den Cookie-Parametern angegebenen Zeitraum oder bis zur manuellen L\u00f6schung durch den Nutzer auf dem Ger\u00e4t des Nutzers verbleiben.<\/li>\n<\/ol>\n<\/li>\n<li>Nach der Art der gesammelten Daten k\u00f6nnen Cookies wie folgt klassifiziert werden:\n<ol>\n<li>\u201eTechnische Cookies\u201c \u2013 erm\u00f6glichen die Nutzung der auf der Website verf\u00fcgbaren Dienste und die Speicherung individueller Nutzereinstellungen und der Personalisierung der Benutzeroberfl\u00e4che (z. B. Schriftgr\u00f6\u00dfe, Sprache).<\/li>\n<li>\u201eSicherheits-Cookies\u201c \u2013 gew\u00e4hrleisten die Sicherheit der Nutzung der Website.<\/li>\n<li>\u201eAnalyse-Cookies\u201c \u2013 erm\u00f6glichen das Sammeln von Informationen dar\u00fcber, wie die Website genutzt wird.<\/li>\n<li>\u201eMarketing-Cookies\u201c \u2013 erm\u00f6glichen die Bereitstellung von Werbeinhalten, die auf die Interessen des Nutzers zugeschnitten sind.<\/li>\n<\/ol>\n<\/li>\n<li>Zus\u00e4tzlich zu den von der Website erstellten Cookies k\u00f6nnen auch \u201eexterne Cookies\u201c verwendet werden, die von externen Anbietern von Analyse- und Werbediensten stammen. Externe Unternehmen k\u00f6nnen Cookies verwenden, um anonyme Daten \u00fcber die Nutzeraktivit\u00e4t auf der Website und anderen Websites zu sammeln, um gezielte Werbung (Remarketing) anzuzeigen. <\/li>\n<li>Zu den externen Cookie-Anbietern geh\u00f6ren unter anderem:\n<ol>\n<li>Google LLC<\/li>\n<li>Meta Platforms Ireland Ltd.<\/li>\n<\/ol>\n<\/li>\n<li>Cookies, die von Partnern des Website-Betreibers, einschlie\u00dflich der Nutzer der Website, verwendet werden, unterliegen deren eigenen Datenschutzrichtlinien.<\/li>\n<li>Standardm\u00e4\u00dfig erlaubt die Web-Browsing-Software die Speicherung von Cookies auf dem Endger\u00e4t. Diese Einstellungen k\u00f6nnen ge\u00e4ndert werden, um die automatische Handhabung von Cookies in den Browsereinstellungen zu blockieren oder den Nutzer jedes Mal zu benachrichtigen, wenn Cookies an das Ger\u00e4t des Nutzers gesendet werden. Detaillierte Informationen zur Verwaltung von Cookies sind in den Softwareeinstellungen (Browser) verf\u00fcgbar. Die Einschr\u00e4nkung der Verwendung von Cookies kann einige Funktionalit\u00e4ten der Website beeintr\u00e4chtigen und deren Nutzung erschweren.   <\/li>\n<li>Einmal gespeicherte Cookies k\u00f6nnen mithilfe von Browserfunktionen, speziellen Programmen oder entsprechenden Tools, die im Betriebssystem des Nutzers verf\u00fcgbar sind, gel\u00f6scht werden.<\/li>\n<\/ol>\n<ul>\n<li><strong>  4. \u00c4nderungen der Datenschutzerkl\u00e4rung<\/strong><\/li>\n<\/ul>\n<ol>\n<li>Die Datenschutzerkl\u00e4rung wurde am 30.10.2025 ver\u00f6ffentlicht.<\/li>\n<li>Aktualisierte Informationen treten ab dem Datum der Ver\u00f6ffentlichung auf der Website in Kraft und regeln die Art und Weise, wie personenbezogene Daten ab dem Zeitpunkt der \u00c4nderung gesammelt und verwendet werden \u2013 unbeschadet der Rechte der Website-Nutzer, die sich aus den Bestimmungen der Datenschutzerkl\u00e4rung vor solchen \u00c4nderungen ergeben.Download:<\/li>\n<\/ol>\n<p><a href=\"https:\/\/purofare.com\/wp-content\/uploads\/2025\/11\/FS-PHILIPIAK-sp.-z-o.-o.-privacy-policy-purofare-2025.10.30-EN.pdf\">FS PHILIPIAK sp. z o. o. (privacy policy-purofare) 2025.10.30 EN   <\/a><\/p>\n<p><a href=\"https:\/\/purofare.com\/wp-content\/uploads\/2025\/11\/FS-PHILIPIAK-sp.-z-o.-o.-polityka-prywatnosci-purofare-2025.10.30-PL.pdf\">FS PHILIPIAK sp. z o. o. (polityka prywatno\u015bci &#8211; purofare) 2025.10.30 PL   <\/a><\/p>\n","protected":false},"excerpt":{"rendered":"<p>FS Philipiak sp. z o. o. 1. Angaben zum Administrator Dieses Dokument regelt die Bestimmungen zur Erhebung und Verarbeitung personenbezogener<\/p>\n","protected":false},"author":15099,"featured_media":0,"parent":0,"menu_order":3,"comment_status":"closed","ping_status":"closed","template":"","meta":{"footnotes":""},"class_list":["post-45610","page","type-page","status-publish","hentry"],"_links":{"self":[{"href":"https:\/\/purofare.com\/de\/wp-json\/wp\/v2\/pages\/45610","targetHints":{"allow":["GET"]}}],"collection":[{"href":"https:\/\/purofare.com\/de\/wp-json\/wp\/v2\/pages"}],"about":[{"href":"https:\/\/purofare.com\/de\/wp-json\/wp\/v2\/types\/page"}],"author":[{"embeddable":true,"href":"https:\/\/purofare.com\/de\/wp-json\/wp\/v2\/users\/15099"}],"replies":[{"embeddable":true,"href":"https:\/\/purofare.com\/de\/wp-json\/wp\/v2\/comments?post=45610"}],"version-history":[{"count":0,"href":"https:\/\/purofare.com\/de\/wp-json\/wp\/v2\/pages\/45610\/revisions"}],"wp:attachment":[{"href":"https:\/\/purofare.com\/de\/wp-json\/wp\/v2\/media?parent=45610"}],"curies":[{"name":"wp","href":"https:\/\/api.w.org\/{rel}","templated":true}]}}