{"id":45578,"date":"2025-09-11T12:28:07","date_gmt":"2025-09-11T10:28:07","guid":{"rendered":"https:\/\/purofare.com\/accessoires\/"},"modified":"2026-04-21T15:23:50","modified_gmt":"2026-04-21T13:23:50","slug":"accessoires","status":"publish","type":"page","link":"https:\/\/purofare.com\/fr\/accessoires\/","title":{"rendered":"Accessoires"},"content":{"rendered":"\t\t<div data-elementor-type=\"wp-page\" data-elementor-id=\"45578\" class=\"elementor elementor-45578 elementor-43958\" data-elementor-post-type=\"page\">\n\t\t\t\t<div class=\"elementor-element elementor-element-6c37d81 e-flex e-con-boxed e-con e-parent\" data-id=\"6c37d81\" data-element_type=\"container\" data-e-type=\"container\">\n\t\t\t\t\t<div class=\"e-con-inner\">\n\t\t\t\t<div class=\"elementor-element elementor-element-8afcf7b elementor-widget elementor-widget-wd_image_or_svg\" data-id=\"8afcf7b\" data-element_type=\"widget\" data-e-type=\"widget\" data-widget_type=\"wd_image_or_svg.default\">\n\t\t\t\t<div class=\"elementor-widget-container\">\n\t\t\t\t\t\n\t\t<div class=\"wd-image text-center\">\n\t\t\t\t\t\t\t\t<img loading=\"lazy\" decoding=\"async\" width=\"920\" height=\"79\" src=\"https:\/\/purofare.com\/wp-content\/uploads\/2025\/09\/PUROFARE-LOGO-BLUE.webp\" class=\"attachment-full size-full\" alt=\"\" srcset=\"https:\/\/purofare.com\/wp-content\/uploads\/2025\/09\/PUROFARE-LOGO-BLUE.webp 920w, https:\/\/purofare.com\/wp-content\/uploads\/2025\/09\/PUROFARE-LOGO-BLUE-170x15.webp 170w, https:\/\/purofare.com\/wp-content\/uploads\/2025\/09\/PUROFARE-LOGO-BLUE-600x52.webp 600w, https:\/\/purofare.com\/wp-content\/uploads\/2025\/09\/PUROFARE-LOGO-BLUE-400x34.webp 400w, https:\/\/purofare.com\/wp-content\/uploads\/2025\/09\/PUROFARE-LOGO-BLUE-768x66.webp 768w\" sizes=\"auto, (max-width: 920px) 100vw, 920px\" \/>\t\t\t\t\t<\/div>\n\n\t\t\t\t\t\t<\/div>\n\t\t\t\t<\/div>\n\t\t\t\t\t<\/div>\n\t\t\t\t<\/div>\n\t\t<div class=\"wd-negative-gap elementor-element elementor-element-2662672 e-flex e-con-boxed e-con e-parent\" data-id=\"2662672\" data-element_type=\"container\" data-e-type=\"container\">\n\t\t\t\t\t<div class=\"e-con-inner\">\n\t\t<div class=\"wd-negative-gap elementor-element elementor-element-5e55bdb e-flex e-con-boxed e-con e-child\" data-id=\"5e55bdb\" data-element_type=\"container\" data-e-type=\"container\" data-settings=\"{&quot;background_background&quot;:&quot;classic&quot;}\">\n\t\t\t\t\t<div class=\"e-con-inner\">\n\t\t<div class=\"elementor-element elementor-element-7efeaa0 e-con-full e-flex e-con e-child\" data-id=\"7efeaa0\" data-element_type=\"container\" data-e-type=\"container\" data-settings=\"{&quot;background_background&quot;:&quot;classic&quot;}\">\n\t\t\t\t<div class=\"elementor-element elementor-element-e9aed19 wd-width-100 elementor-widget elementor-widget-wd_title\" data-id=\"e9aed19\" data-element_type=\"widget\" data-e-type=\"widget\" data-widget_type=\"wd_title.default\">\n\t\t\t\t<div class=\"elementor-widget-container\">\n\t\t\t\t\t\t\t<div class=\"title-wrapper wd-set-mb reset-last-child wd-title-color-default wd-title-style-default wd-title-size-default text-left\">\n\n\t\t\t\n\t\t\t<div class=\"liner-continer\">\n\t\t\t\t<h4 class=\"woodmart-title-container title wd-fontsize-l\">ROULEAU DE NETTOYAGE EN POLYM\u00c8RE<\/h4> \n\t\t\t\t\t\t\t<\/div>\n\n\t\t\t\t\t\t\t<div class=\"title-after_title reset-last-child wd-fontsize-xs\">\n\t\t\t\t\t<p>La base de la technologie bionique de circulation de l\u2019eau et de la poussi\u00e8re repose sur un rouleau en polym\u00e8re, fabriqu\u00e9 \u00e0 partir d\u2019un mat\u00e9riau \u00e0 haut poids mol\u00e9culaire, qui absorbe l\u2019eau tout en essorant l\u2019eau sale.<\/p><p>Ce mat\u00e9riau est r\u00e9sistant aux odeurs et, gr\u00e2ce \u00e0 sa capacit\u00e9 de d\u00e9formation, retient efficacement les salet\u00e9s pour un nettoyage encore plus approfondi.<\/p>\t\t\t\t<\/div>\n\t\t\t\t\t<\/div>\n\t\t\t\t\t\t<\/div>\n\t\t\t\t<\/div>\n\t\t\t\t<\/div>\n\t\t<div class=\"elementor-element elementor-element-4b0033b e-con-full e-flex e-con e-child\" data-id=\"4b0033b\" data-element_type=\"container\" data-e-type=\"container\">\n\t\t\t\t<div class=\"elementor-element elementor-element-2660fb0 animated-slow elementor-invisible elementor-widget elementor-widget-wd_image_or_svg\" data-id=\"2660fb0\" data-element_type=\"widget\" data-e-type=\"widget\" data-settings=\"{&quot;_animation&quot;:&quot;fadeIn&quot;}\" data-widget_type=\"wd_image_or_svg.default\">\n\t\t\t\t<div class=\"elementor-widget-container\">\n\t\t\t\t\t\n\t\t<div class=\"wd-image text-left\">\n\t\t\t\t\t\t\t\t<img loading=\"lazy\" decoding=\"async\" width=\"1920\" height=\"1080\" src=\"https:\/\/purofare.com\/wp-content\/uploads\/2025\/10\/Purofare-water-circulation-EN.png\" class=\"attachment-full size-full\" alt=\"\" srcset=\"https:\/\/purofare.com\/wp-content\/uploads\/2025\/10\/Purofare-water-circulation-EN.png 1920w, https:\/\/purofare.com\/wp-content\/uploads\/2025\/10\/Purofare-water-circulation-EN-400x225.png 400w, https:\/\/purofare.com\/wp-content\/uploads\/2025\/10\/Purofare-water-circulation-EN-1300x731.png 1300w, https:\/\/purofare.com\/wp-content\/uploads\/2025\/10\/Purofare-water-circulation-EN-768x432.png 768w, https:\/\/purofare.com\/wp-content\/uploads\/2025\/10\/Purofare-water-circulation-EN-1536x864.png 1536w, https:\/\/purofare.com\/wp-content\/uploads\/2025\/10\/Purofare-water-circulation-EN-600x338.png 600w, https:\/\/purofare.com\/wp-content\/uploads\/2025\/10\/Purofare-water-circulation-EN-170x96.png 170w\" sizes=\"auto, (max-width: 1920px) 100vw, 1920px\" \/>\t\t\t\t\t<\/div>\n\n\t\t\t\t\t\t<\/div>\n\t\t\t\t<\/div>\n\t\t\t\t<\/div>\n\t\t\t\t\t<\/div>\n\t\t\t\t<\/div>\n\t\t\t\t\t<\/div>\n\t\t\t\t<\/div>\n\t\t<div class=\"wd-negative-gap elementor-element elementor-element-1ae9394 e-flex e-con-boxed e-con e-parent\" data-id=\"1ae9394\" data-element_type=\"container\" data-e-type=\"container\">\n\t\t\t\t\t<div class=\"e-con-inner\">\n\t\t<div class=\"wd-negative-gap elementor-element elementor-element-cbe301f e-flex e-con-boxed e-con e-child\" data-id=\"cbe301f\" data-element_type=\"container\" data-e-type=\"container\">\n\t\t\t\t\t<div class=\"e-con-inner\">\n\t\t<div class=\"elementor-element elementor-element-67feed6 e-con-full e-flex e-con e-child\" data-id=\"67feed6\" data-element_type=\"container\" data-e-type=\"container\">\n\t\t\t\t<div class=\"elementor-element elementor-element-8843224 animated-slow elementor-invisible elementor-widget elementor-widget-wd_image_or_svg\" data-id=\"8843224\" data-element_type=\"widget\" data-e-type=\"widget\" data-settings=\"{&quot;_animation&quot;:&quot;fadeIn&quot;}\" data-widget_type=\"wd_image_or_svg.default\">\n\t\t\t\t<div class=\"elementor-widget-container\">\n\t\t\t\t\t\n\t\t<div class=\"wd-image text-left\">\n\t\t\t\t\t\t\t\t<img loading=\"lazy\" decoding=\"async\" width=\"1200\" height=\"700\" src=\"https:\/\/purofare.com\/wp-content\/uploads\/2025\/10\/Handle.png\" class=\"attachment-full size-full\" alt=\"\" srcset=\"https:\/\/purofare.com\/wp-content\/uploads\/2025\/10\/Handle.png 1200w, https:\/\/purofare.com\/wp-content\/uploads\/2025\/10\/Handle-400x233.png 400w, https:\/\/purofare.com\/wp-content\/uploads\/2025\/10\/Handle-768x448.png 768w, https:\/\/purofare.com\/wp-content\/uploads\/2025\/10\/Handle-600x350.png 600w, https:\/\/purofare.com\/wp-content\/uploads\/2025\/10\/Handle-170x99.png 170w\" sizes=\"auto, (max-width: 1200px) 100vw, 1200px\" \/>\t\t\t\t\t<\/div>\n\n\t\t\t\t\t\t<\/div>\n\t\t\t\t<\/div>\n\t\t\t\t<\/div>\n\t\t<div class=\"elementor-element elementor-element-42fc4f5 e-con-full e-flex e-con e-child\" data-id=\"42fc4f5\" data-element_type=\"container\" data-e-type=\"container\" data-settings=\"{&quot;background_background&quot;:&quot;classic&quot;}\">\n\t\t\t\t<div class=\"elementor-element elementor-element-1440f9b wd-width-100 elementor-widget elementor-widget-wd_title\" data-id=\"1440f9b\" data-element_type=\"widget\" data-e-type=\"widget\" data-widget_type=\"wd_title.default\">\n\t\t\t\t<div class=\"elementor-widget-container\">\n\t\t\t\t\t\t\t<div class=\"title-wrapper wd-set-mb reset-last-child wd-title-color-default wd-title-style-default wd-title-size-default text-left\">\n\n\t\t\t\n\t\t\t<div class=\"liner-continer\">\n\t\t\t\t<h4 class=\"woodmart-title-container title wd-fontsize-l\">POIGN\u00c9E<\/h4> \n\t\t\t\t\t\t\t<\/div>\n\n\t\t\t\t\t\t\t<div class=\"title-after_title reset-last-child wd-fontsize-xs\">\n\t\t\t\t\t<p>La poign\u00e9e a \u00e9t\u00e9 con\u00e7ue dans un souci d\u2019ergonomie : elle tient parfaitement en main, offrant une prise s\u00fbre et une manipulation l\u00e9g\u00e8re de l\u2019appareil. Fabriqu\u00e9e \u00e0 partir de mat\u00e9riaux de haute qualit\u00e9, elle r\u00e9siste aux dommages m\u00e9caniques et \u00e0 l\u2019usage quotidien. <\/p>\t\t\t\t<\/div>\n\t\t\t\t\t<\/div>\n\t\t\t\t\t\t<\/div>\n\t\t\t\t<\/div>\n\t\t\t\t<\/div>\n\t\t\t\t\t<\/div>\n\t\t\t\t<\/div>\n\t\t\t\t\t<\/div>\n\t\t\t\t<\/div>\n\t\t<div class=\"wd-negative-gap elementor-element elementor-element-58f8074 e-flex e-con-boxed e-con e-parent\" data-id=\"58f8074\" data-element_type=\"container\" data-e-type=\"container\">\n\t\t\t\t\t<div class=\"e-con-inner\">\n\t\t<div class=\"wd-negative-gap elementor-element elementor-element-528ecbc e-flex e-con-boxed e-con e-child\" data-id=\"528ecbc\" data-element_type=\"container\" data-e-type=\"container\" data-settings=\"{&quot;background_background&quot;:&quot;classic&quot;}\">\n\t\t\t\t\t<div class=\"e-con-inner\">\n\t\t<div class=\"elementor-element elementor-element-c5b4bb9 e-con-full e-flex e-con e-child\" data-id=\"c5b4bb9\" data-element_type=\"container\" data-e-type=\"container\" data-settings=\"{&quot;background_background&quot;:&quot;classic&quot;}\">\n\t\t\t\t<div class=\"elementor-element elementor-element-1213a90 wd-width-100 elementor-widget elementor-widget-wd_title\" data-id=\"1213a90\" data-element_type=\"widget\" data-e-type=\"widget\" data-widget_type=\"wd_title.default\">\n\t\t\t\t<div class=\"elementor-widget-container\">\n\t\t\t\t\t\t\t<div class=\"title-wrapper wd-set-mb reset-last-child wd-title-color-default wd-title-style-default wd-title-size-default text-left\">\n\n\t\t\t\n\t\t\t<div class=\"liner-continer\">\n\t\t\t\t<h4 class=\"woodmart-title-container title wd-fontsize-l\">BASE DE L\u2019APPAREIL<\/h4> \n\t\t\t\t\t\t\t<\/div>\n\n\t\t\t\t\t\t\t<div class=\"title-after_title reset-last-child wd-fontsize-xs\">\n\t\t\t\t\t<p>La base Philipiak Purofare se compose d\u2019un support et d\u2019un compartiment permettant de ranger les rouleaux de rechange et la brosse de nettoyage. Elle garantit que l\u2019appareil reste propre et stable apr\u00e8s le nettoyage. <\/p>\t\t\t\t<\/div>\n\t\t\t\t\t<\/div>\n\t\t\t\t\t\t<\/div>\n\t\t\t\t<\/div>\n\t\t\t\t<\/div>\n\t\t<div class=\"elementor-element elementor-element-dfc6fc1 e-con-full e-flex e-con e-child\" data-id=\"dfc6fc1\" data-element_type=\"container\" data-e-type=\"container\">\n\t\t\t\t<div class=\"elementor-element elementor-element-c1368a1 animated-slow elementor-invisible elementor-widget elementor-widget-wd_image_or_svg\" data-id=\"c1368a1\" data-element_type=\"widget\" data-e-type=\"widget\" data-settings=\"{&quot;_animation&quot;:&quot;fadeIn&quot;}\" data-widget_type=\"wd_image_or_svg.default\">\n\t\t\t\t<div class=\"elementor-widget-container\">\n\t\t\t\t\t\n\t\t<div class=\"wd-image text-left\">\n\t\t\t\t\t\t\t\t<img loading=\"lazy\" decoding=\"async\" width=\"1200\" height=\"700\" src=\"https:\/\/purofare.com\/wp-content\/uploads\/2025\/10\/Accesorues-Set.png\" class=\"attachment-full size-full\" alt=\"\" srcset=\"https:\/\/purofare.com\/wp-content\/uploads\/2025\/10\/Accesorues-Set.png 1200w, https:\/\/purofare.com\/wp-content\/uploads\/2025\/10\/Accesorues-Set-400x233.png 400w, https:\/\/purofare.com\/wp-content\/uploads\/2025\/10\/Accesorues-Set-768x448.png 768w, https:\/\/purofare.com\/wp-content\/uploads\/2025\/10\/Accesorues-Set-600x350.png 600w, https:\/\/purofare.com\/wp-content\/uploads\/2025\/10\/Accesorues-Set-170x99.png 170w\" sizes=\"auto, (max-width: 1200px) 100vw, 1200px\" \/>\t\t\t\t\t<\/div>\n\n\t\t\t\t\t\t<\/div>\n\t\t\t\t<\/div>\n\t\t\t\t<\/div>\n\t\t\t\t\t<\/div>\n\t\t\t\t<\/div>\n\t\t\t\t\t<\/div>\n\t\t\t\t<\/div>\n\t\t<div class=\"wd-negative-gap elementor-element elementor-element-6599997 e-flex e-con-boxed e-con e-parent\" data-id=\"6599997\" data-element_type=\"container\" data-e-type=\"container\">\n\t\t\t\t\t<div class=\"e-con-inner\">\n\t\t<div class=\"wd-negative-gap elementor-element elementor-element-bada08e e-flex e-con-boxed e-con e-child\" data-id=\"bada08e\" data-element_type=\"container\" data-e-type=\"container\">\n\t\t\t\t\t<div class=\"e-con-inner\">\n\t\t<div class=\"elementor-element elementor-element-6445ff7 e-con-full e-flex e-con e-child\" data-id=\"6445ff7\" data-element_type=\"container\" data-e-type=\"container\">\n\t\t\t\t<div class=\"elementor-element elementor-element-8c224ea animated-slow elementor-invisible elementor-widget elementor-widget-wd_image_or_svg\" data-id=\"8c224ea\" data-element_type=\"widget\" data-e-type=\"widget\" data-settings=\"{&quot;_animation&quot;:&quot;fadeIn&quot;}\" data-widget_type=\"wd_image_or_svg.default\">\n\t\t\t\t<div class=\"elementor-widget-container\">\n\t\t\t\t\t\n\t\t<div class=\"wd-image text-left\">\n\t\t\t\t\t\t\t\t<img loading=\"lazy\" decoding=\"async\" width=\"1200\" height=\"700\" src=\"https:\/\/purofare.com\/wp-content\/uploads\/2025\/10\/Touchscreen.png\" class=\"attachment-full size-full\" alt=\"\" srcset=\"https:\/\/purofare.com\/wp-content\/uploads\/2025\/10\/Touchscreen.png 1200w, https:\/\/purofare.com\/wp-content\/uploads\/2025\/10\/Touchscreen-400x233.png 400w, https:\/\/purofare.com\/wp-content\/uploads\/2025\/10\/Touchscreen-768x448.png 768w, https:\/\/purofare.com\/wp-content\/uploads\/2025\/10\/Touchscreen-600x350.png 600w, https:\/\/purofare.com\/wp-content\/uploads\/2025\/10\/Touchscreen-170x99.png 170w\" sizes=\"auto, (max-width: 1200px) 100vw, 1200px\" \/>\t\t\t\t\t<\/div>\n\n\t\t\t\t\t\t<\/div>\n\t\t\t\t<\/div>\n\t\t\t\t<\/div>\n\t\t<div class=\"elementor-element elementor-element-159e2bf e-con-full e-flex e-con e-child\" data-id=\"159e2bf\" data-element_type=\"container\" data-e-type=\"container\" data-settings=\"{&quot;background_background&quot;:&quot;classic&quot;}\">\n\t\t\t\t<div class=\"elementor-element elementor-element-737d75d wd-width-100 elementor-widget elementor-widget-wd_title\" data-id=\"737d75d\" data-element_type=\"widget\" data-e-type=\"widget\" data-widget_type=\"wd_title.default\">\n\t\t\t\t<div class=\"elementor-widget-container\">\n\t\t\t\t\t\t\t<div class=\"title-wrapper wd-set-mb reset-last-child wd-title-color-default wd-title-style-default wd-title-size-default text-left\">\n\n\t\t\t\n\t\t\t<div class=\"liner-continer\">\n\t\t\t\t<h4 class=\"woodmart-title-container title wd-fontsize-l\">MODULE DE COMMANDE ET BATTERIE<\/h4> \n\t\t\t\t\t\t\t<\/div>\n\n\t\t\t\t\t\t\t<div class=\"title-after_title reset-last-child wd-fontsize-xs\">\n\t\t\t\t\t<p>Philipiak Purofare est facile \u00e0 utiliser gr\u00e2ce, entre autres, \u00e0 un module de commande int\u00e9gr\u00e9 \u00e0 la batterie et \u00e9quip\u00e9 d\u2019un \u00e9cran tactile. <\/p>\t\t\t\t<\/div>\n\t\t\t\t\t<\/div>\n\t\t\t\t\t\t<\/div>\n\t\t\t\t<\/div>\n\t\t\t\t<\/div>\n\t\t\t\t\t<\/div>\n\t\t\t\t<\/div>\n\t\t\t\t\t<\/div>\n\t\t\t\t<\/div>\n\t\t<div class=\"wd-negative-gap elementor-element elementor-element-511e647 e-flex e-con-boxed e-con e-parent\" data-id=\"511e647\" data-element_type=\"container\" data-e-type=\"container\">\n\t\t\t\t\t<div class=\"e-con-inner\">\n\t\t<div class=\"wd-negative-gap elementor-element elementor-element-3a02271 e-flex e-con-boxed e-con e-child\" data-id=\"3a02271\" data-element_type=\"container\" data-e-type=\"container\" data-settings=\"{&quot;background_background&quot;:&quot;classic&quot;}\">\n\t\t\t\t\t<div class=\"e-con-inner\">\n\t\t<div class=\"elementor-element elementor-element-972ab01 e-con-full e-flex e-con e-child\" data-id=\"972ab01\" data-element_type=\"container\" data-e-type=\"container\" data-settings=\"{&quot;background_background&quot;:&quot;classic&quot;}\">\n\t\t\t\t<div class=\"elementor-element elementor-element-27bef71 wd-width-100 elementor-widget elementor-widget-wd_title\" data-id=\"27bef71\" data-element_type=\"widget\" data-e-type=\"widget\" data-widget_type=\"wd_title.default\">\n\t\t\t\t<div class=\"elementor-widget-container\">\n\t\t\t\t\t\t\t<div class=\"title-wrapper wd-set-mb reset-last-child wd-title-color-default wd-title-style-default wd-title-size-default text-left\">\n\n\t\t\t\n\t\t\t<div class=\"liner-continer\">\n\t\t\t\t<h4 class=\"woodmart-title-container title wd-fontsize-l\">BROSSE DE NETTOYAGE<\/h4> \n\t\t\t\t\t\t\t<\/div>\n\n\t\t\t\t\t\t\t<div class=\"title-after_title reset-last-child wd-fontsize-xs\">\n\t\t\t\t\t<p>La brosse est fabriqu\u00e9e \u00e0 partir de mat\u00e9riaux durables, r\u00e9sistants \u00e0 l\u2019eau et aux d\u00e9tergents. Sa forme ergonomique rend le nettoyage de l\u2019appareil rapide, pratique et efficace.  <\/p>\t\t\t\t<\/div>\n\t\t\t\t\t<\/div>\n\t\t\t\t\t\t<\/div>\n\t\t\t\t<\/div>\n\t\t\t\t<\/div>\n\t\t<div class=\"elementor-element elementor-element-547a29c e-con-full e-flex e-con e-child\" data-id=\"547a29c\" data-element_type=\"container\" data-e-type=\"container\">\n\t\t\t\t<div class=\"elementor-element elementor-element-1d5a68d animated-slow elementor-invisible elementor-widget elementor-widget-wd_image_or_svg\" data-id=\"1d5a68d\" data-element_type=\"widget\" data-e-type=\"widget\" data-settings=\"{&quot;_animation&quot;:&quot;fadeIn&quot;}\" data-widget_type=\"wd_image_or_svg.default\">\n\t\t\t\t<div class=\"elementor-widget-container\">\n\t\t\t\t\t\n\t\t<div class=\"wd-image text-left\">\n\t\t\t\t\t\t\t\t<img loading=\"lazy\" decoding=\"async\" width=\"1200\" height=\"700\" src=\"https:\/\/purofare.com\/wp-content\/uploads\/2025\/10\/Accesorues-Set.png\" class=\"attachment-full size-full\" alt=\"\" srcset=\"https:\/\/purofare.com\/wp-content\/uploads\/2025\/10\/Accesorues-Set.png 1200w, https:\/\/purofare.com\/wp-content\/uploads\/2025\/10\/Accesorues-Set-400x233.png 400w, https:\/\/purofare.com\/wp-content\/uploads\/2025\/10\/Accesorues-Set-768x448.png 768w, https:\/\/purofare.com\/wp-content\/uploads\/2025\/10\/Accesorues-Set-600x350.png 600w, https:\/\/purofare.com\/wp-content\/uploads\/2025\/10\/Accesorues-Set-170x99.png 170w\" sizes=\"auto, (max-width: 1200px) 100vw, 1200px\" \/>\t\t\t\t\t<\/div>\n\n\t\t\t\t\t\t<\/div>\n\t\t\t\t<\/div>\n\t\t\t\t<\/div>\n\t\t\t\t\t<\/div>\n\t\t\t\t<\/div>\n\t\t\t\t\t<\/div>\n\t\t\t\t<\/div>\n\t\t\t\t<\/div>\n\t\t","protected":false},"excerpt":{"rendered":"<p>ROULEAU DE NETTOYAGE EN POLYM\u00c8RE La base de la technologie bionique de circulation de l\u2019eau et de la poussi\u00e8re repose<\/p>\n","protected":false},"author":3,"featured_media":0,"parent":0,"menu_order":0,"comment_status":"closed","ping_status":"closed","template":"","meta":{"footnotes":""},"class_list":["post-45578","page","type-page","status-publish","hentry"],"_links":{"self":[{"href":"https:\/\/purofare.com\/fr\/wp-json\/wp\/v2\/pages\/45578","targetHints":{"allow":["GET"]}}],"collection":[{"href":"https:\/\/purofare.com\/fr\/wp-json\/wp\/v2\/pages"}],"about":[{"href":"https:\/\/purofare.com\/fr\/wp-json\/wp\/v2\/types\/page"}],"author":[{"embeddable":true,"href":"https:\/\/purofare.com\/fr\/wp-json\/wp\/v2\/users\/3"}],"replies":[{"embeddable":true,"href":"https:\/\/purofare.com\/fr\/wp-json\/wp\/v2\/comments?post=45578"}],"version-history":[{"count":1,"href":"https:\/\/purofare.com\/fr\/wp-json\/wp\/v2\/pages\/45578\/revisions"}],"predecessor-version":[{"id":45580,"href":"https:\/\/purofare.com\/fr\/wp-json\/wp\/v2\/pages\/45578\/revisions\/45580"}],"wp:attachment":[{"href":"https:\/\/purofare.com\/fr\/wp-json\/wp\/v2\/media?parent=45578"}],"curies":[{"name":"wp","href":"https:\/\/api.w.org\/{rel}","templated":true}]}}