{"id":45594,"date":"2020-03-28T18:48:00","date_gmt":"2020-03-28T17:48:00","guid":{"rendered":"https:\/\/purofare.com\/politique-de-confidentialite\/"},"modified":"2020-03-28T18:48:00","modified_gmt":"2020-03-28T17:48:00","slug":"politique-de-confidentialite","status":"publish","type":"page","link":"https:\/\/purofare.com\/fr\/politique-de-confidentialite\/","title":{"rendered":"Politique de confidentialit\u00e9"},"content":{"rendered":"<p><strong>FS Philipiak sp. z o. o.    <\/strong><\/p>\n<ul>\n<li><strong>  1. Donn\u00e9es de l&rsquo;Administrateur<\/strong><\/li>\n<\/ul>\n<ol>\n<li>Le pr\u00e9sent document r\u00e9git les r\u00e8gles de collecte et de traitement des donn\u00e9es personnelles des utilisateurs acc\u00e9dant au site web nomm\u00e9 \u00ab <em>Purofare<\/em> \u00bb (ci-apr\u00e8s d\u00e9nomm\u00e9 le \u00ab Site web \u00bb), disponible \u00e0 l&rsquo;adresse <a href=\"https:\/\/purofare.com\/fr\/\">https:\/\/purofare.com\/<\/a>.<\/li>\n<li>L&rsquo;administrateur des donn\u00e9es personnelles mises \u00e0 disposition via le Site web est <strong>FS Philipiak sp\u00f3\u0142ka z ograniczon\u0105 odpowiedzialno\u015bci\u0105<\/strong>, dont le si\u00e8ge social est \u00e0 Varsovie, Pologne (04-462), au 63\/65, rue Stra\u017cacka (ul. Stra\u017cacka 63\/65), inscrite au Registre des Entrepreneurs du Registre National des Tribunaux (Rejestr Przedsi\u0119biorc\u00f3w Krajowego Rejestru S\u0105dowego) tenu par le Tribunal de District pour la Ville Capitale de Varsovie, XIVe Division Commerciale du Registre National des Tribunaux (S\u0105d Rejonowy dla m.st. Warszawy w Warszawie, XIV Wydzia\u0142 Gospodarczy Krajowego Rejestru S\u0105dowego) sous le num\u00e9ro KRS : 0001133340, REGON : 529943953, NIP : 9522261833 (ci-apr\u00e8s d\u00e9nomm\u00e9 l&rsquo;\u00ab Administrateur \u00bb).<\/li>\n<li>Le contact avec l&rsquo;Administrateur concernant le traitement des donn\u00e9es personnelles fournies dans le cadre de l&rsquo;utilisation du Site web peut \u00eatre \u00e9tabli via :\n<ol>\n<li>courrier traditionnel \u00e0 l&rsquo;adresse : ul. Stra\u017cacka 63\/65, 04-463 Varsovie (Warsaw, Pologne) <\/li>\n<li>courriel \u00e0 : contact@philipiak.com ;<\/li>\n<li>t\u00e9l\u00e9phone : +48 508 020 741.<\/li>\n<\/ol>\n<\/li>\n<\/ol>\n<ul>\n<li><strong>  2. Protection et Traitement des Donn\u00e9es Personnelles<\/strong><\/li>\n<\/ul>\n<ol>\n<li>Toutes les donn\u00e9es personnelles fournies sont trait\u00e9es par l&rsquo;Administrateur conform\u00e9ment aux dispositions du R\u00e8glement (UE) 2016\/679 du Parlement europ\u00e9en et du Conseil du 27 avril 2016 relatif \u00e0 la protection des personnes physiques \u00e0 l&rsquo;\u00e9gard du traitement des donn\u00e9es \u00e0 caract\u00e8re personnel et \u00e0 la libre circulation de ces donn\u00e9es, et abrogeant la directive 95\/46\/CE (R\u00e8glement g\u00e9n\u00e9ral sur la protection des donn\u00e9es), ci-apr\u00e8s d\u00e9nomm\u00e9 le \u00ab RGPD \u00bb, ainsi qu&rsquo;aux autres dispositions applicables du droit polonais, en particulier la loi du 18 juillet 2002 sur la fourniture de services par voie \u00e9lectronique.<\/li>\n<li>L&rsquo;Administrateur met en \u0153uvre les mesures techniques requises par la r\u00e9glementation en vigueur en mati\u00e8re de protection des donn\u00e9es afin de pr\u00e9venir l&rsquo;acc\u00e8s non autoris\u00e9 ou la modification des donn\u00e9es personnelles transmises par voie \u00e9lectronique.<\/li>\n<li>Lors de l&rsquo;utilisation du Site web, des donn\u00e9es personnelles relatives \u00e0 l&rsquo;activit\u00e9 de l&rsquo;utilisateur peuvent \u00eatre collect\u00e9es et ensuite enregistr\u00e9es dans les journaux du serveur. Les serveurs enregistrent et stockent automatiquement ces informations par voie \u00e9lectronique. <\/li>\n<li>Les donn\u00e9es personnelles collect\u00e9es pour le traitement peuvent inclure :\n<ol>\n<li>adresse IP unique ;<\/li>\n<li>nom du fournisseur de services Internet ;<\/li>\n<li>ville, r\u00e9gion et pays depuis lesquels l&rsquo;utilisateur acc\u00e8de au Site web ;<\/li>\n<li>type de navigateur Internet ou d&rsquo;appareil utilis\u00e9 ;<\/li>\n<li>nombre de clics effectu\u00e9s sur le Site web ;<\/li>\n<li>date et heure de la visite de l&rsquo;utilisateur sur le Site web ;<\/li>\n<li>le site web depuis lequel l&rsquo;utilisateur a \u00e9t\u00e9 redirig\u00e9 vers le Site web ;<\/li>\n<li>sous-pages du Site web visit\u00e9es par l&rsquo;utilisateur.<\/li>\n<\/ol>\n<\/li>\n<li>Les donn\u00e9es personnelles collect\u00e9es sont trait\u00e9es aux fins de :\n<ol>\n<li>l&rsquo;analyse du trafic sur le Site web et des statistiques des visiteurs ;<\/li>\n<li>l&rsquo;am\u00e9lioration de la fonctionnalit\u00e9 et des performances du Site web ;<\/li>\n<li>la mesure de l&rsquo;efficacit\u00e9 des campagnes publicitaires ;<\/li>\n<li>la r\u00e9alisation d&rsquo;activit\u00e9s de remarketing anonymes ;<\/li>\n<li>l&rsquo;ex\u00e9cution des obligations l\u00e9gales impos\u00e9es \u00e0 l&rsquo;Administrateur par la loi applicable.<\/li>\n<\/ol>\n<\/li>\n<li>Les donn\u00e9es personnelles fournies sont trait\u00e9es par l&rsquo;Administrateur conform\u00e9ment \u00e0 l&rsquo;article 6, paragraphe 1, point f) du RGPD \u2013 \u00e0 des fins d\u00e9coulant des int\u00e9r\u00eats l\u00e9gitimes poursuivis par l&rsquo;Administrateur. L&rsquo;int\u00e9r\u00eat l\u00e9gitime de l&rsquo;Administrateur consiste \u00e0 analyser le trafic du site web pour am\u00e9liorer la fonctionnalit\u00e9 et la qualit\u00e9 du contenu pr\u00e9sent\u00e9, ainsi qu&rsquo;\u00e0 mener des activit\u00e9s de marketing direct des produits offerts par l&rsquo;Administrateur et d&rsquo;autres entit\u00e9s coop\u00e9rant avec l&rsquo;Administrateur. <\/li>\n<li>Les destinataires des donn\u00e9es personnelles fournies comprennent :\n<ol>\n<li>FS Philipiak sp\u00f3\u0142ka z ograniczon\u0105 odpowiedzialno\u015bci\u0105, dont le si\u00e8ge social est \u00e0 Varsovie, Pologne (04-462), au 63\/65, rue Stra\u017cacka (ul. Stra\u017cacka 63\/65), inscrite au Registre des Entrepreneurs du Registre National des Tribunaux (Rejestr Przedsi\u0119biorc\u00f3w Krajowego Rejestru S\u0105dowego) tenu par le Tribunal de District pour la Ville Capitale de Varsovie, XIVe Division Commerciale du Registre National des Tribunaux (S\u0105d Rejonowy dla m.st. Warszawy w Warszawie, XIV Wydzia\u0142 Gospodarczy Krajowego Rejestru S\u0105dowego) sous le num\u00e9ro KRS : 0001133340, REGON : 529943953, NIP : 9522261833 ;<\/li>\n<li>les entit\u00e9s fournissant les services n\u00e9cessaires pour \u00e9tablir le contact avec l&rsquo;utilisateur au num\u00e9ro de t\u00e9l\u00e9phone fourni, y compris les entit\u00e9s fournissant des services d&rsquo;h\u00e9bergement et de s\u00e9curit\u00e9 du site web ;<\/li>\n<li>les autorit\u00e9s \u00e9tatiques autoris\u00e9es \u00e0 recevoir de telles donn\u00e9es en vertu de dispositions l\u00e9gales distinctes.<\/li>\n<\/ol>\n<\/li>\n<li>Les donn\u00e9es personnelles sont collect\u00e9es automatiquement et stock\u00e9es pendant la p\u00e9riode n\u00e9cessaire \u00e0 la r\u00e9alisation des finalit\u00e9s pour lesquelles elles ont \u00e9t\u00e9 collect\u00e9es.<\/li>\n<li>Les donn\u00e9es personnelles peuvent \u00eatre transf\u00e9r\u00e9es vers des pays tiers ou des organisations internationales en dehors de l&rsquo;Espace \u00e9conomique europ\u00e9en. Par exemple, les donn\u00e9es peuvent \u00eatre transf\u00e9r\u00e9es \u00e0 des entit\u00e9s du groupe Google. De tels transferts n&rsquo;auront lieu que si des garanties ad\u00e9quates sont assur\u00e9es et si des protections juridiques efficaces pour les donn\u00e9es sont en place.  <\/li>\n<li>Les donn\u00e9es personnelles peuvent \u00eatre trait\u00e9es de mani\u00e8re automatis\u00e9e (y compris le profilage), mais dans un tel cas, cela ne produira aucun effet juridique ni n&rsquo;affectera de mani\u00e8re significative la situation de l&rsquo;utilisateur. Le profilage par l&rsquo;Administrateur consiste \u00e0 traiter des donn\u00e9es (y compris le traitement automatis\u00e9) pour \u00e9valuer certains aspects relatifs \u00e0 l&rsquo;utilisateur, y compris des analyses, des statistiques ou des pr\u00e9visions concernant les int\u00e9r\u00eats et les pr\u00e9f\u00e9rences personnelles de l&rsquo;utilisateur, ainsi que pour les activit\u00e9s de marketing men\u00e9es par l&rsquo;Administrateur, y compris<br \/>\nla pr\u00e9sentation de publicit\u00e9s et d&rsquo;offres commerciales. <\/li>\n<li>L&rsquo;utilisateur dispose des droits suivants concernant le traitement des donn\u00e9es personnelles :\n<ol>\n<li>L&rsquo;utilisateur a le droit d&rsquo;acc\u00e9der \u00e0 ses donn\u00e9es personnelles (article 15 du RGPD) et peut les v\u00e9rifier ou les rectifier (article 16 du RGPD), ainsi que demander leur suppression en soumettant une demande appropri\u00e9e \u00e0 l&rsquo;Administrateur (article 17 du RGPD).<\/li>\n<li>L&rsquo;utilisateur a le droit de limiter le traitement (article 18 du RGPD) et le droit \u00e0 la portabilit\u00e9 des donn\u00e9es (article 20 du RGPD). Si des donn\u00e9es personnelles sont trait\u00e9es en violation des exigences l\u00e9gales, l&rsquo;utilisateur a le droit de d\u00e9poser une plainte aupr\u00e8s de l&rsquo;autorit\u00e9 de contr\u00f4le comp\u00e9tente \u2013 le Pr\u00e9sident de l&rsquo;Office de protection des donn\u00e9es personnelles (Prezes Urz\u0119du Ochrony Danych Osobowych). <\/li>\n<li>L&rsquo;utilisateur a le droit de s&rsquo;opposer au traitement des donn\u00e9es personnelles (article 21 du RGPD).<\/li>\n<\/ol>\n<\/li>\n<\/ol>\n<ul>\n<li><strong>  3. Cookies<\/strong><\/li>\n<\/ul>\n<ol>\n<li>Les cookies sont des donn\u00e9es informatiques stock\u00e9es sur les appareils finaux des utilisateurs, destin\u00e9es \u00e0 \u00eatre utilis\u00e9es avec les sites web. Les cookies permettent la reconnaissance de l&rsquo;appareil de l&rsquo;utilisateur et l&rsquo;affichage correct du site web selon les pr\u00e9f\u00e9rences individuelles. Les cookies contiennent g\u00e9n\u00e9ralement le nom du site web d&rsquo;o\u00f9 ils proviennent, la p\u00e9riode de stockage sur l&rsquo;appareil final et un num\u00e9ro unique.  <\/li>\n<li>Les cookies sont utilis\u00e9s aux fins de :\n<ol>\n<li>l&rsquo;adaptation du contenu des sites web aux pr\u00e9f\u00e9rences individuelles de l&rsquo;utilisateur. Ils servent \u00e9galement \u00e0 optimiser l&rsquo;utilisation des sites web \u2013 les cookies permettent l&rsquo;affichage correct du contenu du site web conform\u00e9ment aux pr\u00e9f\u00e9rences de l&rsquo;utilisateur ; <\/li>\n<li>la cr\u00e9ation de statistiques anonymes et agr\u00e9g\u00e9es, qui aident \u00e0 comprendre comment les utilisateurs interagissent avec le site web, permettant l&rsquo;am\u00e9lioration de sa structure et de son contenu sans identifier personnellement l&rsquo;utilisateur.<\/li>\n<\/ol>\n<\/li>\n<li>Les cookies ne contiennent pas de donn\u00e9es d&rsquo;identification, et l&rsquo;identit\u00e9 de l&rsquo;utilisateur ne peut pas \u00eatre d\u00e9termin\u00e9e \u00e0 partir de ceux-ci. Les cookies ne modifient pas les param\u00e8tres de l&rsquo;utilisateur ni les param\u00e8tres des logiciels install\u00e9s. Leur contenu ne peut \u00eatre lu que par le serveur qui les a cr\u00e9\u00e9s. Les cookies sont crypt\u00e9s pour emp\u00eacher tout acc\u00e8s non autoris\u00e9.   <\/li>\n<li>Les cookies ne sont pas utilis\u00e9s pour le traitement des donn\u00e9es personnelles. Les donn\u00e9es collect\u00e9es via les cookies ne peuvent \u00eatre collect\u00e9es que pour l&rsquo;ex\u00e9cution de fonctions sp\u00e9cifiques pour l&rsquo;utilisateur. <\/li>\n<li>Deux types de cookies sont utilis\u00e9s sur les sites web :\n<ol>\n<li>Les \u00ab cookies de session \u00bb sont des fichiers temporaires qui restent sur l&rsquo;appareil de l&rsquo;utilisateur jusqu&rsquo;\u00e0 ce que l&rsquo;utilisateur quitte le site web ou ferme le logiciel (navigateur).<\/li>\n<li>Les \u00ab cookies persistants \u00bb sont des fichiers qui restent sur l&rsquo;appareil de l&rsquo;utilisateur pendant la p\u00e9riode sp\u00e9cifi\u00e9e dans les param\u00e8tres des cookies ou jusqu&rsquo;\u00e0 leur suppression manuelle par l&rsquo;utilisateur.<\/li>\n<\/ol>\n<\/li>\n<li>Selon le type de donn\u00e9es collect\u00e9es, les cookies peuvent \u00eatre class\u00e9s comme :\n<ol>\n<li>Les \u00ab cookies techniques \u00bb \u2013 permettent l&rsquo;utilisation des services disponibles sur le site web et la m\u00e9morisation des pr\u00e9f\u00e9rences individuelles de l&rsquo;utilisateur et la personnalisation de l&rsquo;interface (par exemple, la taille de la police, la langue).<\/li>\n<li>Les \u00ab cookies de s\u00e9curit\u00e9 \u00bb \u2013 assurent la s\u00e9curit\u00e9 de l&rsquo;utilisation du site web.<\/li>\n<li>Les \u00ab cookies analytiques \u00bb \u2013 permettent de collecter des informations sur la fa\u00e7on dont le site web est utilis\u00e9.<\/li>\n<li>Les \u00ab cookies marketing \u00bb \u2013 permettent de diffuser du contenu publicitaire adapt\u00e9 aux int\u00e9r\u00eats de l&rsquo;utilisateur.<\/li>\n<\/ol>\n<\/li>\n<li>En plus des cookies cr\u00e9\u00e9s par le Site web, des \u00ab cookies externes \u00bb peuvent \u00e9galement \u00eatre utilis\u00e9s, provenant de fournisseurs externes de services d&rsquo;analyse et de publicit\u00e9. Des entit\u00e9s externes peuvent utiliser des cookies pour collecter des donn\u00e9es anonymes sur l&rsquo;activit\u00e9 de l&rsquo;utilisateur sur le Site web et d&rsquo;autres sites, dans le but de pr\u00e9senter des publicit\u00e9s cibl\u00e9es (remarketing). <\/li>\n<li>Les fournisseurs de cookies externes incluent, entre autres :\n<ol>\n<li>Google LLC<\/li>\n<li>Meta Platforms Ireland Ltd.<\/li>\n<\/ol>\n<\/li>\n<li>Les cookies utilis\u00e9s par les partenaires de l&rsquo;op\u00e9rateur du Site web, y compris les utilisateurs du site web, sont soumis \u00e0 leurs propres politiques de confidentialit\u00e9.<\/li>\n<li>Par d\u00e9faut, le logiciel de navigation web permet le stockage de cookies sur l&rsquo;appareil final. Ces param\u00e8tres peuvent \u00eatre modifi\u00e9s pour bloquer la gestion automatique des cookies dans les param\u00e8tres du navigateur ou pour notifier l&rsquo;utilisateur chaque fois que des cookies sont envoy\u00e9s \u00e0 l&rsquo;appareil de l&rsquo;utilisateur. Des informations d\u00e9taill\u00e9es sur la gestion des cookies sont disponibles dans les param\u00e8tres du logiciel (navigateur). La limitation de l&rsquo;utilisation des cookies peut affecter certaines fonctionnalit\u00e9s du site web et en entraver l&rsquo;utilisation.   <\/li>\n<li>Les cookies, une fois stock\u00e9s, peuvent \u00eatre supprim\u00e9s \u00e0 l&rsquo;aide des fonctions du navigateur, de programmes d\u00e9di\u00e9s ou d&rsquo;outils appropri\u00e9s disponibles dans le syst\u00e8me d&rsquo;exploitation de l&rsquo;utilisateur.<\/li>\n<\/ol>\n<ul>\n<li><strong>  4. Modifications de la Politique de confidentialit\u00e9<\/strong><\/li>\n<\/ul>\n<ol>\n<li>La Politique de confidentialit\u00e9 a \u00e9t\u00e9 publi\u00e9e le 30.10.2025.<\/li>\n<li>Les informations mises \u00e0 jour prendront effet \u00e0 compter de la date de publication sur le Site web et r\u00e9giront la mani\u00e8re dont les donn\u00e9es personnelles sont collect\u00e9es et utilis\u00e9es \u00e0 partir du moment du changement \u2013 sans pr\u00e9judice des droits des utilisateurs du Site web d\u00e9coulant des dispositions de la Politique de confidentialit\u00e9 ant\u00e9rieures \u00e0 ces changements. T\u00e9l\u00e9charger :<\/li>\n<\/ol>\n<p><a href=\"https:\/\/purofare.com\/wp-content\/uploads\/2025\/11\/FS-PHILIPIAK-sp.-z-o.-o.-privacy-policy-purofare-2025.10.30-EN.pdf\">FS PHILIPIAK sp. z o. o. (politique de confidentialit\u00e9-purofare) 2025.10.30 EN   <\/a><\/p>\n<p><a href=\"https:\/\/purofare.com\/wp-content\/uploads\/2025\/11\/FS-PHILIPIAK-sp.-z-o.-o.-polityka-prywatnosci-purofare-2025.10.30-PL.pdf\">FS PHILIPIAK sp. z o. o. (politique de confidentialit\u00e9 &#8211; purofare) 2025.10.30 PL   <\/a><\/p>\n","protected":false},"excerpt":{"rendered":"<p>FS Philipiak sp. z o. o. 1. Donn\u00e9es de l&rsquo;Administrateur Le pr\u00e9sent document r\u00e9git les r\u00e8gles de collecte et de<\/p>\n","protected":false},"author":15099,"featured_media":0,"parent":0,"menu_order":3,"comment_status":"closed","ping_status":"closed","template":"","meta":{"footnotes":""},"class_list":["post-45594","page","type-page","status-publish","hentry"],"_links":{"self":[{"href":"https:\/\/purofare.com\/fr\/wp-json\/wp\/v2\/pages\/45594","targetHints":{"allow":["GET"]}}],"collection":[{"href":"https:\/\/purofare.com\/fr\/wp-json\/wp\/v2\/pages"}],"about":[{"href":"https:\/\/purofare.com\/fr\/wp-json\/wp\/v2\/types\/page"}],"author":[{"embeddable":true,"href":"https:\/\/purofare.com\/fr\/wp-json\/wp\/v2\/users\/15099"}],"replies":[{"embeddable":true,"href":"https:\/\/purofare.com\/fr\/wp-json\/wp\/v2\/comments?post=45594"}],"version-history":[{"count":0,"href":"https:\/\/purofare.com\/fr\/wp-json\/wp\/v2\/pages\/45594\/revisions"}],"wp:attachment":[{"href":"https:\/\/purofare.com\/fr\/wp-json\/wp\/v2\/media?parent=45594"}],"curies":[{"name":"wp","href":"https:\/\/api.w.org\/{rel}","templated":true}]}}