{"id":45312,"date":"2020-03-28T18:48:00","date_gmt":"2020-03-28T17:48:00","guid":{"rendered":"https:\/\/purofare.com\/informativa-sulla-privacy\/"},"modified":"2020-03-28T18:48:00","modified_gmt":"2020-03-28T17:48:00","slug":"informativa-sulla-privacy","status":"publish","type":"page","link":"https:\/\/purofare.com\/it\/informativa-sulla-privacy\/","title":{"rendered":"Informativa sulla privacy"},"content":{"rendered":"<p><strong>FS Philipiak sp. z o. o.    <\/strong><\/p>\n<ul>\n<li><strong>  1. Dati dell&#8217;Amministratore<\/strong><\/li>\n<\/ul>\n<ol>\n<li>Questo documento disciplina le regole per la raccolta e il trattamento dei dati personali degli utenti che accedono al sito web denominato \u201c<em>Purofare<\/em>\u201d (di seguito denominato il \u201cSito\u201d), disponibile all&#8217;indirizzo <a href=\"https:\/\/purofare.com\/it\/\">https:\/\/purofare.com\/<\/a>.<\/li>\n<li>Il titolare del trattamento dei dati personali resi disponibili attraverso il sito web \u00e8 <strong>FS Philipiak sp\u00f3\u0142ka z ograniczon\u0105 odpowiedzialno\u015bci\u0105<\/strong>, con sede legale a Varsavia, Polonia (04-462), in via Stra\u017cacka 63\/65 (ul. Stra\u017cacka 63\/65), iscritta al Registro degli Imprenditori del Registro Giudiziario Nazionale (Rejestr Przedsi\u0119biorc\u00f3w Krajowego Rejestru S\u0105dowego) tenuto dal Tribunale Distrettuale della Capitale di Varsavia, XIV Divisione Commerciale del Registro Giudiziario Nazionale (S\u0105d Rejonowy dla m.st. Warszawy w Warszawie, XIV Wydzia\u0142 Gospodarczy Krajowego Rejestru S\u0105dowego) al n. KRS: 0001133340, REGON: 529943953, NIP: 9522261833 (di seguito denominato l&#8217;\u201cAmministratore\u201d).<\/li>\n<li>Il contatto con l&#8217;Amministratore in merito al trattamento dei dati personali forniti in relazione all&#8217;uso del Sito pu\u00f2 essere effettuato tramite:\n<ol>\n<li>posta tradizionale all&#8217;indirizzo: ul. Stra\u017cacka 63\/65, 04-463 Warszawa (Varsavia, Polonia) <\/li>\n<li>e-mail a: contact@philipiak.com;<\/li>\n<li>telefono: +48 508 020 741.<\/li>\n<\/ol>\n<\/li>\n<\/ol>\n<ul>\n<li><strong>  2. Protezione e trattamento dei dati personali<\/strong><\/li>\n<\/ul>\n<ol>\n<li>Tutti i dati personali forniti sono trattati dall&#8217;Amministratore in conformit\u00e0 alle disposizioni del Regolamento (UE) 2016\/679 del Parlamento Europeo e del Consiglio del 27 aprile 2016 relativo alla protezione delle persone fisiche con riguardo al trattamento dei dati personali, nonch\u00e9 alla libera circolazione di tali dati e che abroga la direttiva 95\/46\/CE (Regolamento generale sulla protezione dei dati), di seguito denominato \u201cGDPR\u201d, nonch\u00e9 ad altre disposizioni applicabili della legge polacca, in particolare la legge del 18 luglio 2002 sulla fornitura di servizi per via elettronica.<\/li>\n<li>L&#8217;Amministratore implementa le misure tecniche richieste dalle attuali normative sulla protezione dei dati per prevenire l&#8217;accesso non autorizzato o la modifica dei dati personali trasmessi elettronicamente.<\/li>\n<li>Durante l&#8217;uso del Sito, possono essere raccolti dati personali relativi all&#8217;attivit\u00e0 dell&#8217;utente e successivamente registrati nei log del server. I server registrano e memorizzano automaticamente tali informazioni in formato elettronico. <\/li>\n<li>I dati personali raccolti per il trattamento possono includere:\n<ol>\n<li>indirizzo IP univoco;<\/li>\n<li>nome del fornitore di servizi Internet;<\/li>\n<li>citt\u00e0, regione e paese da cui l&#8217;utente accede al Sito;<\/li>\n<li>tipo di browser internet o dispositivo utilizzato;<\/li>\n<li>numero di clic effettuati sul Sito;<\/li>\n<li>data e ora della visita dell&#8217;utente al Sito;<\/li>\n<li>il sito web da cui l&#8217;utente \u00e8 stato reindirizzato al Sito;<\/li>\n<li>sottopagine del Sito visitate dall&#8217;utente.<\/li>\n<\/ol>\n<\/li>\n<li>I dati personali raccolti sono trattati per le finalit\u00e0 di:\n<ol>\n<li>analizzare il traffico sul Sito e le statistiche dei visitatori;<\/li>\n<li>migliorare la funzionalit\u00e0 e le prestazioni del Sito;<\/li>\n<li>misurare l&#8217;efficacia delle campagne pubblicitarie;<\/li>\n<li>svolgere attivit\u00e0 di remarketing anonimo;<\/li>\n<li>adempiere agli obblighi di legge imposti all&#8217;Amministratore dalla normativa vigente.<\/li>\n<\/ol>\n<\/li>\n<li>I dati personali forniti sono trattati dall&#8217;Amministratore ai sensi dell&#8217;articolo 6(1)(f) del GDPR \u2013 per finalit\u00e0 derivanti dai legittimi interessi perseguiti dall&#8217;Amministratore. L&#8217;interesse legittimo dell&#8217;Amministratore consiste nell&#8217;analizzare il traffico del sito web per migliorare la funzionalit\u00e0 e la qualit\u00e0 dei contenuti presentati, nonch\u00e9 nello svolgere marketing diretto dei prodotti offerti dall&#8217;Amministratore e da altri soggetti che collaborano con l&#8217;Amministratore. <\/li>\n<li>I destinatari dei dati personali forniti includono:\n<ol>\n<li>FS Philipiak sp\u00f3\u0142ka z ograniczon\u0105 odpowiedzialno\u015bci\u0105, con sede legale a Varsavia, Polonia (04-462), in via Stra\u017cacka 63\/65 (ul. Stra\u017cacka 63\/65), iscritta nel Registro degli Imprenditori del Registro Giudiziario Nazionale (Rejestr Przedsi\u0119biorc\u00f3w Krajowego Rejestru S\u0105dowego) tenuto dal Tribunale Distrettuale della Capitale di Varsavia, XIV Divisione Commerciale del Registro Giudiziario Nazionale (S\u0105d Rejonowy dla m.st. Warszawy w Warszawie, XIV Wydzia\u0142 Gospodarczy Krajowego Rejestru S\u0105dowego) al n. KRS: 0001133340, REGON: 529943953, NIP: 9522261833;<\/li>\n<li>soggetti che forniscono servizi necessari per stabilire il contatto con l&#8217;utente al numero di telefono fornito, inclusi i soggetti che forniscono servizi di hosting e sicurezza del sito web;<\/li>\n<li>autorit\u00e0 statali autorizzate a ricevere tali dati in base a separate disposizioni di legge.<\/li>\n<\/ol>\n<\/li>\n<li>I dati personali sono raccolti automaticamente e conservati per il periodo necessario a raggiungere le finalit\u00e0 per cui sono stati raccolti.<\/li>\n<li>I dati personali possono essere trasferiti a paesi terzi o organizzazioni internazionali al di fuori dello Spazio Economico Europeo. Ad esempio, i dati possono essere trasferiti a entit\u00e0 del gruppo Google. Tali trasferimenti avverranno solo se sono garantite garanzie adeguate e se sono in vigore protezioni legali efficaci per i dati.  <\/li>\n<li>I dati personali possono essere trattati in modo automatizzato (compresa la profilazione), ma in tal caso ci\u00f2 non produrr\u00e0 alcun effetto giuridico n\u00e9 influir\u00e0 significativamente sulla situazione dell&#8217;utente. La profilazione da parte dell&#8217;Amministratore consiste nel trattamento dei dati (anche automatizzato) per valutare determinati aspetti relativi all&#8217;utente, incluse analisi, statistiche o previsioni riguardanti gli interessi e le preferenze personali dell&#8217;utente, nonch\u00e9 per attivit\u00e0 di marketing condotte dall&#8217;Amministratore, tra cui<br \/>\nla presentazione di annunci pubblicitari e offerte commerciali. <\/li>\n<li>L&#8217;utente ha i seguenti diritti in merito al trattamento dei dati personali:\n<ol>\n<li>L&#8217;utente ha il diritto di accedere ai propri dati personali (Articolo 15 GDPR) e pu\u00f2 verificarli o rettificarli (Articolo 16 GDPR), nonch\u00e9 richiederne la cancellazione inviando un&#8217;apposita richiesta all&#8217;Amministratore (Articolo 17 GDPR).<\/li>\n<li>L&#8217;utente ha il diritto di limitare il trattamento (Articolo 18 GDPR) e il diritto alla portabilit\u00e0 dei dati (Articolo 20 GDPR). Se i dati personali sono trattati in violazione dei requisiti di legge, l&#8217;utente ha il diritto di proporre reclamo all&#8217;autorit\u00e0 di controllo competente \u2013 il Garante per la protezione dei dati personali (Prezes Urz\u0119du Ochrony Danych Osobowych). <\/li>\n<li>L&#8217;utente ha il diritto di opporsi al trattamento dei dati personali (Articolo 21 GDPR).<\/li>\n<\/ol>\n<\/li>\n<\/ol>\n<ul>\n<li><strong>  3. Cookie<\/strong><\/li>\n<\/ul>\n<ol>\n<li>I cookie sono dati informatici memorizzati sui dispositivi terminali degli utenti, destinati all&#8217;uso con i siti web. I cookie consentono di riconoscere il dispositivo dell&#8217;utente e di visualizzare correttamente il sito web in base alle preferenze individuali. I cookie contengono tipicamente il nome del sito web da cui provengono, il periodo di conservazione sul dispositivo terminale e un numero univoco.  <\/li>\n<li>I cookie sono utilizzati per le finalit\u00e0 di:\n<ol>\n<li>adattare il contenuto dei siti web alle preferenze del singolo utente. Servono anche a ottimizzare l&#8217;uso dei siti web \u2013 i cookie consentono la corretta visualizzazione dei contenuti del sito web in conformit\u00e0 con le preferenze dell&#8217;utente.; <\/li>\n<li>creare statistiche anonime e aggregate, che aiutano a capire come gli utenti interagiscono con il sito web, consentendo di migliorarne la struttura e il contenuto senza identificare personalmente l&#8217;utente.<\/li>\n<\/ol>\n<\/li>\n<li>I cookie non contengono dati identificativi e l&#8217;identit\u00e0 dell&#8217;utente non pu\u00f2 essere determinata in base ad essi. I cookie non alterano le impostazioni dell&#8217;utente o le impostazioni del software installato. Il loro contenuto pu\u00f2 essere letto solo dal server che li ha creati. I cookie sono criptati per impedire l&#8217;accesso non autorizzato.   <\/li>\n<li>I cookie non sono utilizzati per il trattamento dei dati personali. I dati raccolti tramite i cookie possono essere raccolti solo per l&#8217;esecuzione di funzioni specifiche per l&#8217;utente. <\/li>\n<li>Sui siti web vengono utilizzati due tipi di cookie:\n<ol>\n<li>I \u201ccookie di sessione\u201d sono file temporanei che rimangono sul dispositivo dell&#8217;utente finch\u00e9 l&#8217;utente non lascia il sito web o chiude il software (browser).<\/li>\n<li>I \u201ccookie persistenti\u201d sono file che rimangono sul dispositivo dell&#8217;utente per il periodo specificato nei parametri del cookie o fino alla cancellazione manuale da parte dell&#8217;utente.<\/li>\n<\/ol>\n<\/li>\n<li>In base al tipo di dati raccolti, i cookie possono essere classificati come:\n<ol>\n<li>\u201cCookie tecnici\u201d \u2013 consentono l&#8217;uso dei servizi disponibili sul sito web e la memorizzazione delle preferenze individuali dell&#8217;utente e della personalizzazione dell&#8217;interfaccia (ad es. dimensione del carattere, lingua).<\/li>\n<li>\u201cCookie di sicurezza\u201d \u2013 garantiscono la sicurezza dell&#8217;uso del sito web.<\/li>\n<li>\u201cCookie analitici\u201d \u2013 consentono di raccogliere informazioni su come viene utilizzato il sito web.<\/li>\n<li>\u201cCookie di marketing\u201d \u2013 consentono di fornire contenuti pubblicitari personalizzati in base agli interessi dell&#8217;utente.<\/li>\n<\/ol>\n<\/li>\n<li>Oltre ai cookie creati dal Sito, possono essere utilizzati anche \u201ccookie esterni\u201d, provenienti da fornitori esterni di servizi di analisi e pubblicit\u00e0. I soggetti esterni possono utilizzare i cookie per raccogliere dati anonimi sull&#8217;attivit\u00e0 dell&#8217;utente sul Sito e su altri siti, allo scopo di presentare annunci pubblicitari mirati (remarketing). <\/li>\n<li>I fornitori di cookie esterni includono, tra gli altri:\n<ol>\n<li>Google LLC<\/li>\n<li>Meta Platforms Ireland Ltd.<\/li>\n<\/ol>\n<\/li>\n<li>I cookie utilizzati dai partner del gestore del Sito, inclusi gli utenti del sito web, sono soggetti alle proprie informative sulla privacy.<\/li>\n<li>Per impostazione predefinita, il software di navigazione web consente la memorizzazione dei cookie sul dispositivo terminale. Queste impostazioni possono essere modificate per bloccare la gestione automatica dei cookie nelle impostazioni del browser o per avvisare l&#8217;utente ogni volta che i cookie vengono inviati al suo dispositivo. Informazioni dettagliate sulla gestione dei cookie sono disponibili nelle impostazioni del software (browser). Limitare l&#8217;uso dei cookie pu\u00f2 influire su alcune funzionalit\u00e0 del sito web e ostacolarne l&#8217;uso.   <\/li>\n<li>I cookie, una volta memorizzati, possono essere cancellati utilizzando le funzioni del browser, programmi dedicati o appositi strumenti disponibili nel sistema operativo dell&#8217;utente.<\/li>\n<\/ol>\n<ul>\n<li><strong>  4. Modifiche all&#8217;Informativa sulla privacy<\/strong><\/li>\n<\/ul>\n<ol>\n<li>L&#8217;Informativa sulla privacy \u00e8 stata pubblicata il 30\/10\/2025.<\/li>\n<li>Le informazioni aggiornate entreranno in vigore dalla data di pubblicazione sul Sito e regoleranno le modalit\u00e0 di raccolta e utilizzo dei dati personali dal momento della modifica \u2013 fatti salvi i diritti degli utenti del Sito derivanti dalle disposizioni dell&#8217;Informativa sulla privacy precedenti a tali modifiche. Download:<\/li>\n<\/ol>\n<p><a href=\"https:\/\/purofare.com\/wp-content\/uploads\/2025\/11\/FS-PHILIPIAK-sp.-z-o.-o.-privacy-policy-purofare-2025.10.30-EN.pdf\">FS PHILIPIAK sp. z o. o. (informativa sulla privacy &#8211; purofare) 30.10.2025 EN   <\/a><\/p>\n<p><a href=\"https:\/\/purofare.com\/wp-content\/uploads\/2025\/11\/FS-PHILIPIAK-sp.-z-o.-o.-polityka-prywatnosci-purofare-2025.10.30-PL.pdf\">FS PHILIPIAK sp. z o. o. (polityka prywatno\u015bci &#8211; purofare) 30.10.2025 PL   <\/a><\/p>\n","protected":false},"excerpt":{"rendered":"<p>FS Philipiak sp. z o. o. 1. Dati dell&#8217;Amministratore Questo documento disciplina le regole per la raccolta e il trattamento<\/p>\n","protected":false},"author":15099,"featured_media":0,"parent":0,"menu_order":3,"comment_status":"closed","ping_status":"closed","template":"","meta":{"footnotes":""},"class_list":["post-45312","page","type-page","status-publish","hentry"],"_links":{"self":[{"href":"https:\/\/purofare.com\/it\/wp-json\/wp\/v2\/pages\/45312","targetHints":{"allow":["GET"]}}],"collection":[{"href":"https:\/\/purofare.com\/it\/wp-json\/wp\/v2\/pages"}],"about":[{"href":"https:\/\/purofare.com\/it\/wp-json\/wp\/v2\/types\/page"}],"author":[{"embeddable":true,"href":"https:\/\/purofare.com\/it\/wp-json\/wp\/v2\/users\/15099"}],"replies":[{"embeddable":true,"href":"https:\/\/purofare.com\/it\/wp-json\/wp\/v2\/comments?post=45312"}],"version-history":[{"count":0,"href":"https:\/\/purofare.com\/it\/wp-json\/wp\/v2\/pages\/45312\/revisions"}],"wp:attachment":[{"href":"https:\/\/purofare.com\/it\/wp-json\/wp\/v2\/media?parent=45312"}],"curies":[{"name":"wp","href":"https:\/\/api.w.org\/{rel}","templated":true}]}}